{"id":1961,"date":"2015-03-27T09:38:21","date_gmt":"2015-03-27T09:38:21","guid":{"rendered":"http:\/\/pequenasgrandesestrellas.cl\/sitio\/our-team-2\/"},"modified":"2025-10-20T19:06:09","modified_gmt":"2025-10-20T22:06:09","slug":"equipo","status":"publish","type":"page","link":"https:\/\/fundacionpge.cl\/sitio\/equipo\/","title":{"rendered":"Equipo"},"content":{"rendered":"<div class='grid_row clearfix'><div class='grid_col grid_col_12'><div class='ce clearfix'><h3 class=\"ce_title\"><div>Equipo PGE<\/div><\/h3><div>\n<p>\u00a1Bienvenidos a nuestro espacio!<\/p>\n<p>Somos un equipo interdisciplinario que trabaja en colaboraci\u00f3n para el desarrollo y funcionamiento de este proyecto. Nuestras propuestas de actividades incorporan el conocimiento cient\u00edfico con una mirada astron\u00f3mica, complementando nuestras actividades con narraciones, juegos, canciones y experimentos que despiertan la curiosidad cient\u00edfica de ni\u00f1os y ni\u00f1as en etapa inicial ( de 0 a 6 a\u00f1os) y la de los equipos educativos, actualizando conceptos del saber cient\u00edfico-astron\u00f3mico a toda la sala de clases.<\/p>\n<\/div><\/div><\/div><\/div><div data-wow-duration='2s' data-wow-offset='10' data-wow-iteration='1' class='grid_row clearfix'><section class='cws_ourteam'><div class='cws_ourteam_header'><h3 class=\"ce_title\"><div>Directorio<\/div><\/h3><\/div><div class='cws_wrapper'><div class='cws_ourteam_items grid grid-4 isotope'><article class='item'><div class='ourteam_item_wrapper'><div class='media_part'><div class='pic'><a href='https:\/\/fundacionpge.cl\/sitio\/staff\/daniela-fernandez\/'><img  src='https:\/\/fundacionpge.cl\/sitio\/wp-content\/uploads\/bfi_thumb\/Nova-y-Dani-3mglow1r51w4c89akmz9ca.jpg' data-at2x='https:\/\/fundacionpge.cl\/sitio\/wp-content\/uploads\/bfi_thumb\/Nova-y-Dani-3mglow1r51w4c89akmz9ca@2x.jpg' alt \/><\/a><\/div><\/div><div class='title_wrap'><h3 class='title'><a href='https:\/\/fundacionpge.cl\/sitio\/staff\/daniela-fernandez\/'>Daniela Fern\u00e1ndez<\/a><\/h3><div class='positions'><a href='https:\/\/fundacionpge.cl\/sitio\/staff-tag\/fundadora-y-presidenta\/'>Fundadora y Presidenta<\/a><\/div><\/div><div class='social_links'><a href='https:\/\/www.instagram.com\/astrodaniela\/' class='fa fa-instagram' title='Instagram' target='_blank'><\/a><a href='https:\/\/www.facebook.com\/AstroDanielaPGE' class='fa fa-facebook-official' title='Facebook' target='_blank'><\/a><a href='https:\/\/www.linkedin.com\/in\/danielafernandezrosso\/' class='fa fa-linkedin-square' title='LinkedIn' target='_blank'><\/a><a href='https:\/\/astrodaniela.cl' class='fa fa-envelope-o' title='Web' target='_blank'><\/a><\/div><\/div><\/article><article class='item'><div class='ourteam_item_wrapper'><div class='media_part'><div class='pic'><a href='https:\/\/fundacionpge.cl\/sitio\/staff\/camila-cifuentes-olave\/'><img  src='https:\/\/fundacionpge.cl\/sitio\/wp-content\/uploads\/bfi_thumb\/fb355782-96d2-4599-a9bf-5084ec439546-3cwc74fn7021cjr7wzjk7e.jpg' data-at2x='https:\/\/fundacionpge.cl\/sitio\/wp-content\/uploads\/bfi_thumb\/fb355782-96d2-4599-a9bf-5084ec439546-3cwc74fn7021cjr7wzjk7e@2x.jpg' alt \/><\/a><\/div><\/div><div class='title_wrap'><h3 class='title'><a href='https:\/\/fundacionpge.cl\/sitio\/staff\/camila-cifuentes-olave\/'>Camila Cifuentes<\/a><\/h3><div class='positions'><a href='https:\/\/fundacionpge.cl\/sitio\/staff-tag\/directora-area-educativa\/'>Directora \u00c1rea Educativa<\/a>, <a href='https:\/\/fundacionpge.cl\/sitio\/staff-tag\/vicepresidenta\/'>Vicepresidenta<\/a><\/div><\/div><div class='social_links'><a href='https:\/\/www.instagram.com\/_misscami_\/' class='fa fa-instagram' title='Instagram' target='_blank'><\/a><\/div><\/div><\/article><article class='item'><div class='ourteam_item_wrapper'><div class='media_part'><div class='pic'><a href='https:\/\/fundacionpge.cl\/sitio\/staff\/yuvineza-gomez-leyton\/'><img  src='https:\/\/fundacionpge.cl\/sitio\/wp-content\/uploads\/bfi_thumb\/Yuvineza-Gomez-e1615738784435-3cvcgn47j1ctzc8w1e4gsq.jpeg' data-at2x='https:\/\/fundacionpge.cl\/sitio\/wp-content\/uploads\/bfi_thumb\/Yuvineza-Gomez-e1615738784435-3cvcgn47j1ctzc8w1e4gsq@2x.jpeg' alt \/><\/a><\/div><\/div><div class='title_wrap'><h3 class='title'><a href='https:\/\/fundacionpge.cl\/sitio\/staff\/yuvineza-gomez-leyton\/'>Yuvineza G\u00f3mez<\/a><\/h3><div class='positions'><a href='https:\/\/fundacionpge.cl\/sitio\/staff-tag\/directora-zona-norte\/'>Directora Zona Norte<\/a>, <a href='https:\/\/fundacionpge.cl\/sitio\/staff-tag\/secretaria\/'>Secretaria<\/a><\/div><\/div><\/div><\/article><article class='item'><div class='ourteam_item_wrapper'><div class='media_part'><div class='pic'><a href='https:\/\/fundacionpge.cl\/sitio\/staff\/jennifer-anguita\/'><img  src='https:\/\/fundacionpge.cl\/sitio\/wp-content\/uploads\/bfi_thumb\/IMG_0920-scaled-3nqkkzfwscswna6176p0cq.jpeg' data-at2x='https:\/\/fundacionpge.cl\/sitio\/wp-content\/uploads\/bfi_thumb\/IMG_0920-scaled-3nqkkzfwscswna6176p0cq@2x.jpeg' alt \/><\/a><\/div><\/div><div class='title_wrap'><h3 class='title'><a href='https:\/\/fundacionpge.cl\/sitio\/staff\/jennifer-anguita\/'>Jennifer Anguita<\/a><\/h3><div class='positions'><a href='https:\/\/fundacionpge.cl\/sitio\/staff-tag\/directora-de-astronomia-y-zona-sur\/'>Directora de Astronom\u00eda y Zona Sur<\/a><\/div><\/div><div class='social_links'><a href='https:\/\/www.instagram.com\/astronomiarapidita\/?hl=en' class='fa fa-instagram' title='Instagram' target='_blank'><\/a><\/div><\/div><\/article><article class='item'><div class='ourteam_item_wrapper'><div class='media_part'><div class='pic'><a href='https:\/\/fundacionpge.cl\/sitio\/staff\/joaquin-zaror\/'><img  src='https:\/\/fundacionpge.cl\/sitio\/wp-content\/uploads\/bfi_thumb\/unnamed-3-3nqjh9xhhmrijcxg2wb6yy.jpg' data-at2x='https:\/\/fundacionpge.cl\/sitio\/wp-content\/uploads\/bfi_thumb\/unnamed-3-3nqjh9xhhmrijcxg2wb6yy@2x.jpg' alt \/><\/a><\/div><\/div><div class='title_wrap'><h3 class='title'><a href='https:\/\/fundacionpge.cl\/sitio\/staff\/joaquin-zaror\/'>Joaquin Zaror<\/a><\/h3><div class='positions'><a href='https:\/\/fundacionpge.cl\/sitio\/staff-tag\/socio-asesor\/'>Socio asesor<\/a><\/div><\/div><div class='social_links'><a href='https:\/\/www.linkedin.com\/in\/jzaror' class='fa fa-linkedin-square' title='LinkedIn' target='_blank'><\/a><\/div><\/div><\/article><article class='item'><div class='ourteam_item_wrapper'><div class='media_part'><div class='pic'><img  src='https:\/\/fundacionpge.cl\/sitio\/wp-content\/uploads\/bfi_thumb\/Foto-Max-LinkedIn-3nqjl9anlgxdipm6ka9c7e.png' data-at2x='https:\/\/fundacionpge.cl\/sitio\/wp-content\/uploads\/bfi_thumb\/Foto-Max-LinkedIn-3nqjl9anlgxdipm6ka9c7e@2x.png' alt \/><div class='hover-effect'><\/div><div class='links_popup animate'><div class='link_cont'><div class='link'><a href='https:\/\/fundacionpge.cl\/sitio\/wp-content\/uploads\/2025\/10\/Foto-Max-LinkedIn.png' class='fancy'><i class='fa fa-camera'><\/i><\/a><div class='link-item-bounce'><\/div><\/div><div class='link'>\r\n\t\t\t\t\t\t\t\t\t\t\t\t\t\t<a href='https:\/\/fundacionpge.cl\/sitio\/staff\/maximiliano-diener\/'><i class='fa fa-share'><\/i><\/a>\r\n\t\t\t\t\t\t\t\t\t\t\t\t\t\t<div class='link-item-bounce'><\/div>\r\n\t\t\t\t\t\t\t\t\t\t\t\t\t<\/div><\/div>\t<div class='link-toggle-button'>\r\n\t\t\t\t\t\t\t\t\t\t\t\t\t\t\t\t<i class='fa fa-plus link-toggle-icon'><\/i>\r\n\t\t\t\t\t\t\t\t\t\t\t\t\t\t\t<\/div><\/div><\/div><\/div><div class='title_wrap'><h3 class='title'><a href='https:\/\/fundacionpge.cl\/sitio\/staff\/maximiliano-diener\/'>Maximiliano Diener<\/a><\/h3><div class='positions'><a href='https:\/\/fundacionpge.cl\/sitio\/staff-tag\/socio-asesor\/'>Socio asesor<\/a><\/div><\/div><\/div><\/article><article class='item'><div class='ourteam_item_wrapper'><div class='media_part'><div class='pic'><a href='https:\/\/fundacionpge.cl\/sitio\/staff\/marcelo-fernandez\/'><img  src='https:\/\/fundacionpge.cl\/sitio\/wp-content\/uploads\/bfi_thumb\/WhatsApp-Image-2021-03-18-at-20.10.05-e1616109052880-3cwccz0thddn5usdgtei2y.jpeg' data-at2x='https:\/\/fundacionpge.cl\/sitio\/wp-content\/uploads\/bfi_thumb\/WhatsApp-Image-2021-03-18-at-20.10.05-e1616109052880-3cwccz0thddn5usdgtei2y@2x.jpeg' alt \/><\/a><\/div><\/div><div class='title_wrap'><h3 class='title'><a href='https:\/\/fundacionpge.cl\/sitio\/staff\/marcelo-fernandez\/'>Marcelo Fern\u00e1ndez<\/a><\/h3><div class='positions'><a href='https:\/\/fundacionpge.cl\/sitio\/staff-tag\/tesorero\/'>Tesorero<\/a><\/div><\/div><\/div><\/article><\/div><\/div><input type='hidden' class='cws_ourteam_ajax_data' value='{&quot;p_id&quot;:0,&quot;mode&quot;:&quot;grid&quot;,&quot;cats&quot;:[],&quot;filter&quot;:&quot;all&quot;,&quot;posts_per_page&quot;:&quot;8&quot;}' \/><\/section><\/div>\n","protected":false},"excerpt":{"rendered":"","protected":false},"author":1,"featured_media":0,"parent":0,"menu_order":0,"comment_status":"closed","ping_status":"closed","template":"","meta":[],"_links":{"self":[{"href":"https:\/\/fundacionpge.cl\/sitio\/wp-json\/wp\/v2\/pages\/1961"}],"collection":[{"href":"https:\/\/fundacionpge.cl\/sitio\/wp-json\/wp\/v2\/pages"}],"about":[{"href":"https:\/\/fundacionpge.cl\/sitio\/wp-json\/wp\/v2\/types\/page"}],"author":[{"embeddable":true,"href":"https:\/\/fundacionpge.cl\/sitio\/wp-json\/wp\/v2\/users\/1"}],"replies":[{"embeddable":true,"href":"https:\/\/fundacionpge.cl\/sitio\/wp-json\/wp\/v2\/comments?post=1961"}],"version-history":[{"count":19,"href":"https:\/\/fundacionpge.cl\/sitio\/wp-json\/wp\/v2\/pages\/1961\/revisions"}],"predecessor-version":[{"id":5857,"href":"https:\/\/fundacionpge.cl\/sitio\/wp-json\/wp\/v2\/pages\/1961\/revisions\/5857"}],"wp:attachment":[{"href":"https:\/\/fundacionpge.cl\/sitio\/wp-json\/wp\/v2\/media?parent=1961"}],"curies":[{"name":"wp","href":"https:\/\/api.w.org\/{rel}","templated":true}]}}