{"id":2085,"date":"2015-04-03T13:24:23","date_gmt":"2015-04-03T13:24:23","guid":{"rendered":"http:\/\/pequenasgrandesestrellas.cl\/sitio\/theme-benefits\/"},"modified":"2021-03-18T20:06:35","modified_gmt":"2021-03-18T23:06:35","slug":"proyecto","status":"publish","type":"page","link":"https:\/\/fundacionpge.cl\/sitio\/proyecto\/","title":{"rendered":"Proyecto"},"content":{"rendered":"<div class='grid_row clearfix'><div class='grid_col grid_col_12'><\/div><\/div><div class='grid_row clearfix' style='padding-top: 50px;'><div class='grid_col grid_col_3'><div class='ce clearfix'><div>\n<p><img loading=\"lazy\" class=\"alignnone size-medium wp-image-5009 aligncenter\" src=\"https:\/\/fundacionpge.cl\/sitio\/wp-content\/uploads\/2020\/01\/pequenas-logo-300x300.jpg\" alt=\"\" width=\"300\" height=\"300\" srcset=\"https:\/\/fundacionpge.cl\/sitio\/wp-content\/uploads\/2020\/01\/pequenas-logo-300x300.jpg 300w, https:\/\/fundacionpge.cl\/sitio\/wp-content\/uploads\/2020\/01\/pequenas-logo-1024x1024.jpg 1024w, https:\/\/fundacionpge.cl\/sitio\/wp-content\/uploads\/2020\/01\/pequenas-logo-150x150.jpg 150w, https:\/\/fundacionpge.cl\/sitio\/wp-content\/uploads\/2020\/01\/pequenas-logo-768x768.jpg 768w, https:\/\/fundacionpge.cl\/sitio\/wp-content\/uploads\/2020\/01\/pequenas-logo-1536x1536.jpg 1536w, https:\/\/fundacionpge.cl\/sitio\/wp-content\/uploads\/2020\/01\/pequenas-logo-2048x2048.jpg 2048w, https:\/\/fundacionpge.cl\/sitio\/wp-content\/uploads\/2020\/01\/pequenas-logo-100x100.jpg 100w, https:\/\/fundacionpge.cl\/sitio\/wp-content\/uploads\/2020\/01\/pequenas-logo-230x230.jpg 230w, https:\/\/fundacionpge.cl\/sitio\/wp-content\/uploads\/2020\/01\/pequenas-logo.jpg 510w\" sizes=\"(max-width: 300px) 100vw, 300px\" \/><\/p>\n<\/div><\/div><\/div><div class='grid_col grid_col_9'><div class='ce clearfix'><h3 class=\"ce_title\"><div>Historia PGE<\/div><\/h3><div>\n<p>Nuestra historia comienza en marzo del 2016, cuando a trav\u00e9s de una amiga en com\u00fan, la directora del Jard\u00edn Infantil y sala cuna Entrepeques contacta a Daniela Fern\u00e1ndez (qui\u00e9n es hasta la fecha astr\u00f3noma residente del Observatorio Docente UC) con el fin de solicitarle apoyo en la entrega de tem\u00e1ticas y contenidos para poder concretar un taller astron\u00f3mico para ni\u00f1os y ni\u00f1as en etapa inicial.<\/p>\n<p>Fue entonces que junto a la educadora de p\u00e1rvulos encargada de los niveles medios (de 2 a 4 a\u00f1os) crearon el taller \u201cEntrepeques y el Universo\u201d el cual fue todo un \u00e9xito y se llev\u00f3 a cabo por cuatro a\u00f1os consecutivos en aquel Jard\u00edn.\u00a0<\/p>\n<\/div><\/div><\/div><\/div><div class='grid_row clearfix' style='padding-top: 50px;'><div class='grid_col grid_col_9'><div class='ce clearfix'><div>\n<p>Con el proyecto andando y observando los positivos resultados en ni\u00f1os y ni\u00f1as, Daniela busca un equipo a inicios del 2018 y funda Peque\u00f1as Grandes Estrellas con el fin de continuar esta hermosa e importante tarea de acercar las ciencias y espec\u00edficamente la astronom\u00eda a ni\u00f1os y ni\u00f1as, aportando al proceso de ense\u00f1anza-aprendizaje con conocimientos, experiencias l\u00fadicas y material concreto con el objetivo de generar un impacto a mayor escala en la educaci\u00f3n infantil.\u00a0<\/p>\n<p>Hoy en d\u00eda nuestra fundaci\u00f3n se enfoca en talleres para ni\u00f1os y ni\u00f1as, capacitaciones para profesionales en educaci\u00f3n, charlas y otros proyectos que van apareciendo mes a mes con el apoyo de un equipo interdisciplinario que aporta desde diferentes \u00e1reas al aprendizaje astron\u00f3mico.<\/p>\n<p>Te invitamos a ser parte de nuestra fundaci\u00f3n.<\/p>\n<p>Bienvenid@s a este maravilloso viaje.\u00a0<\/p>\n<\/div><\/div><\/div><div class='grid_col grid_col_3'><div class='ce clearfix'><div>\n<p><img loading=\"lazy\" class=\"alignnone size-medium wp-image-5142\" src=\"https:\/\/fundacionpge.cl\/sitio\/wp-content\/uploads\/2020\/12\/dani-300x300.jpeg\" alt=\"\" width=\"300\" height=\"300\" srcset=\"https:\/\/fundacionpge.cl\/sitio\/wp-content\/uploads\/2020\/12\/dani-300x300.jpeg 300w, https:\/\/fundacionpge.cl\/sitio\/wp-content\/uploads\/2020\/12\/dani-1024x1024.jpeg 1024w, https:\/\/fundacionpge.cl\/sitio\/wp-content\/uploads\/2020\/12\/dani-150x150.jpeg 150w, https:\/\/fundacionpge.cl\/sitio\/wp-content\/uploads\/2020\/12\/dani-1536x1536.jpeg 1536w, https:\/\/fundacionpge.cl\/sitio\/wp-content\/uploads\/2020\/12\/dani-2048x2048.jpeg 2048w\" sizes=\"(max-width: 300px) 100vw, 300px\" \/><\/p>\n<\/div><\/div><\/div><\/div><div class='grid_row clearfix' style='padding-top: 50px;padding-bottom: 50px;'><div class='grid_col grid_col_12'><div class='ce clearfix'><div>\n<hr>\n<\/div><\/div><\/div><\/div><div class='grid_row clearfix'><div class='grid_col grid_col_4'><div class='ce clearfix'><div>\n<p>\u00a0<img loading=\"lazy\" class=\"alignnone size-medium wp-image-5501\" src=\"https:\/\/fundacionpge.cl\/sitio\/wp-content\/uploads\/2021\/03\/Captura-de-Pantalla-2021-03-18-a-las-20.05.01-300x300.png\" alt=\"\" width=\"300\" height=\"300\" srcset=\"https:\/\/fundacionpge.cl\/sitio\/wp-content\/uploads\/2021\/03\/Captura-de-Pantalla-2021-03-18-a-las-20.05.01-300x300.png 300w, https:\/\/fundacionpge.cl\/sitio\/wp-content\/uploads\/2021\/03\/Captura-de-Pantalla-2021-03-18-a-las-20.05.01-1024x1024.png 1024w, https:\/\/fundacionpge.cl\/sitio\/wp-content\/uploads\/2021\/03\/Captura-de-Pantalla-2021-03-18-a-las-20.05.01-150x150.png 150w, https:\/\/fundacionpge.cl\/sitio\/wp-content\/uploads\/2021\/03\/Captura-de-Pantalla-2021-03-18-a-las-20.05.01-768x766.png 768w, https:\/\/fundacionpge.cl\/sitio\/wp-content\/uploads\/2021\/03\/Captura-de-Pantalla-2021-03-18-a-las-20.05.01-1536x1536.png 1536w, https:\/\/fundacionpge.cl\/sitio\/wp-content\/uploads\/2021\/03\/Captura-de-Pantalla-2021-03-18-a-las-20.05.01-2048x2048.png 2048w, https:\/\/fundacionpge.cl\/sitio\/wp-content\/uploads\/2021\/03\/Captura-de-Pantalla-2021-03-18-a-las-20.05.01-100x99.png 100w, https:\/\/fundacionpge.cl\/sitio\/wp-content\/uploads\/2021\/03\/Captura-de-Pantalla-2021-03-18-a-las-20.05.01-230x229.png 230w, https:\/\/fundacionpge.cl\/sitio\/wp-content\/uploads\/2021\/03\/Captura-de-Pantalla-2021-03-18-a-las-20.05.01.png 1330w\" sizes=\"(max-width: 300px) 100vw, 300px\" \/><\/p>\n<\/div><\/div><\/div><div class='grid_col grid_col_8'><div class='ce clearfix'><div>\n<h4><span style=\"color: #ff9900;\"><span class='dropcap'>M<\/span>isi\u00f3n: <\/span><span style=\"color: #ff9900;\">Nuestra misi\u00f3n es acercar la Astronom\u00eda a ni\u00f1os de 2-5 a\u00f1os de edad, complementandolo con las bases curriculares. En conjunto, queremos apoyar y capacitar a las educadoras de p\u00e1rvulo en temas astron\u00f3micos.<\/span><\/h4>\n<\/div><\/div><div class='ce clearfix'><div>\n<h4><span style=\"color: #ff9900;\"><span class='dropcap'>V<\/span>isi\u00f3n: Nuestra visi\u00f3n es ser un referente a nivel nacional de educaci\u00f3n de astronom\u00eda en etapa pre-escolar, liderado por astr\u00f3nomos.<\/span><\/h4>\n<h4><span style=\"color: #ff9900;\">\u00a0<\/span><\/h4>\n<\/div><\/div><\/div><\/div><div class='grid_row clearfix' style='padding-top: 50px;padding-bottom: 50px;'><div class='grid_col grid_col_12'><div class='ce clearfix'><div>\n<hr>\n<\/div><\/div><\/div><\/div><div class='grid_row clearfix' style='padding-top: 50px;'><div class='grid_col grid_col_6'><div class='ce clearfix'><h3 class=\"ce_title\"><div>\u00bfPor qu\u00e9 ense\u00f1ar astronom\u00eda a ni\u00f1os y ni\u00f1as?<\/div><\/h3><div>\n<p>El observar, cuestionar y comprender nuestro entorno es algo que debemos potenciar desde edades tempranas. Entender por qu\u00e9 existe el Sol, la Luna, el d\u00eda y la noche, las estaciones del a\u00f1o, por qu\u00e9 dejamos una sombra al caminar, entre otras, son preguntas que nos hacemos durante nuestra vida y que nos conectan con el entorno en que vivimos y la historia de este planeta, valorando nuestra posici\u00f3n en la historia del Universo y apreciando el maravilloso planeta en el que vivimos.<\/p>\n<p>Educar las ciencias es educar para la vida. El m\u00e9todo cient\u00edfico y sus partes principales como lo son la observaci\u00f3n, el planteamiento de hip\u00f3tesis y la experimentaci\u00f3n, pueden llevarse a cabo en diversos aspectos de la vida, otorgando herramientas que gu\u00edan el aprendizaje significativo y la b\u00fasqueda de la verdad. Al estimular la curiosidad y el asombro, buscamos despertar la motivaci\u00f3n por el aprendizaje cient\u00edfico activo, para que ni\u00f1os y ni\u00f1as sean parte de la construcci\u00f3n de su propio conocimiento.<\/p>\n<p>A trav\u00e9s de la astronom\u00eda educamos sobre la conciencia medioambiental, el pensamiento cr\u00edtico, anal\u00edtico y el fomento de valores como la humildad, el compa\u00f1erismo y la veracidad.<\/p>\n<p>El conocimiento es fundamental, pero compartirlo lo hace significativo, cuando educamos para las ciencias, educamos para una mejor sociedad, ya que no buscamos competir, buscamos compartir.<\/p>\n<\/div><\/div><\/div><div class='grid_col grid_col_6'><div class='ce clearfix'><div>\n<p><img loading=\"lazy\" class=\"alignnone size-medium wp-image-5493\" src=\"https:\/\/fundacionpge.cl\/sitio\/wp-content\/uploads\/2021\/03\/WhatsApp-Image-2021-02-04-at-17.06.55-e1616108043712-300x300.jpeg\" alt=\"\" width=\"300\" height=\"300\" srcset=\"https:\/\/fundacionpge.cl\/sitio\/wp-content\/uploads\/2021\/03\/WhatsApp-Image-2021-02-04-at-17.06.55-e1616108043712-300x300.jpeg 300w, https:\/\/fundacionpge.cl\/sitio\/wp-content\/uploads\/2021\/03\/WhatsApp-Image-2021-02-04-at-17.06.55-e1616108043712-1024x1024.jpeg 1024w, https:\/\/fundacionpge.cl\/sitio\/wp-content\/uploads\/2021\/03\/WhatsApp-Image-2021-02-04-at-17.06.55-e1616108043712-150x150.jpeg 150w, https:\/\/fundacionpge.cl\/sitio\/wp-content\/uploads\/2021\/03\/WhatsApp-Image-2021-02-04-at-17.06.55-e1616108043712-1536x1536.jpeg 1536w, https:\/\/fundacionpge.cl\/sitio\/wp-content\/uploads\/2021\/03\/WhatsApp-Image-2021-02-04-at-17.06.55-e1616108043712-2048x2048.jpeg 2048w\" sizes=\"(max-width: 300px) 100vw, 300px\" \/><\/p>\n<\/div><\/div><div class='ce clearfix'><div class='cws_ce_content ce_accordion'><div class='accordion_section active'><div class='accordion_title'><i class='accordion_icon'><\/i><span>COMUNIDAD<\/span><\/div><div class='accordion_content'>\n<p>Entender que somos parte de un mismo ecosistema comprendiendo que cada integrante aporta a su equilibrio.<\/p>\n<\/div><\/div><div class='accordion_section'><div class='accordion_title'><i class='accordion_icon'><\/i><span>PROACTIVIDAD<\/span><\/div><div class='accordion_content' style='display:none;'>\n<p>Buscar respuestas a sus propias interrogantes, crear procedimientos desarrollando el pensamiento anal\u00edtico.<\/p>\n<\/div><\/div><div class='accordion_section'><div class='accordion_title'><i class='accordion_icon'><\/i><span>CONCIENCIA MEDIOAMBIENTAL<\/span><\/div><div class='accordion_content' style='display:none;'>\n<p>Valorar el cuidado del medio ambiente\u00a0 comprendiendo los problemas y buscando posibles soluciones.<\/p>\n<\/div><\/div><div class='accordion_section'><div class='accordion_title'><i class='accordion_icon'><\/i><span>COMUNICACI\u00d3N<\/span><\/div><div class='accordion_content' style='display:none;'>\n<p>Elaborar explicaciones y presentaciones entregando claridad a preguntas sobre diversos temas<\/p>\n<\/div><\/div><\/div><\/div><\/div><\/div><div class='grid_row clearfix'><div class='grid_col grid_col_12'><\/div><\/div><div class='grid_row clearfix'><div class='grid_col grid_col_4'><div class='ce clearfix'><div>\n<p><img loading=\"lazy\" class=\"alignnone size-medium wp-image-5056\" src=\"https:\/\/fundacionpge.cl\/sitio\/wp-content\/uploads\/2020\/01\/nova-sentado-300x300.jpg\" alt=\"\" width=\"300\" height=\"300\" srcset=\"https:\/\/fundacionpge.cl\/sitio\/wp-content\/uploads\/2020\/01\/nova-sentado-300x300.jpg 300w, https:\/\/fundacionpge.cl\/sitio\/wp-content\/uploads\/2020\/01\/nova-sentado-1024x1024.jpg 1024w, https:\/\/fundacionpge.cl\/sitio\/wp-content\/uploads\/2020\/01\/nova-sentado-150x150.jpg 150w, https:\/\/fundacionpge.cl\/sitio\/wp-content\/uploads\/2020\/01\/nova-sentado-768x768.jpg 768w, https:\/\/fundacionpge.cl\/sitio\/wp-content\/uploads\/2020\/01\/nova-sentado-1536x1536.jpg 1536w, https:\/\/fundacionpge.cl\/sitio\/wp-content\/uploads\/2020\/01\/nova-sentado-2048x2048.jpg 2048w, https:\/\/fundacionpge.cl\/sitio\/wp-content\/uploads\/2020\/01\/nova-sentado-100x100.jpg 100w, https:\/\/fundacionpge.cl\/sitio\/wp-content\/uploads\/2020\/01\/nova-sentado-230x230.jpg 230w, https:\/\/fundacionpge.cl\/sitio\/wp-content\/uploads\/2020\/01\/nova-sentado.jpg 960w\" sizes=\"(max-width: 300px) 100vw, 300px\" \/><\/p>\n<\/div><\/div><\/div><div class='grid_col grid_col_8'><div class='ce clearfix'><h3 class=\"ce_title\"><div>Nuestras aspiraciones<\/div><\/h3><div>\n<ul>\n<li>Promover la Astronom\u00eda en sector pre escolar a nivel nacional con este innovador proyecto.<\/li>\n<li>Trabajar para que todos los jardines infantiles de Chile con ni\u00f1os entre 2-5 a\u00f1os de edad tengan acceso a conocimiento sobre Astronom\u00eda, complementado con las bases curriculares correspondientes.<\/li>\n<li>Trabajar directamente con las educadoras de p\u00e1rvulo de los distintos jardines para que tengan acceso a capacitaciones sobre los temas a tratar.<\/li>\n<li>Contribuir en los sectores vulnerables para que los estudiantes tengan acceso a esta ciencia.<\/li>\n<li>Generar redes y promover el trabajo en equipo con otras instituciones enfocadas en la educaci\u00f3n astron\u00f3mica en todo rango et\u00e1reo.\u00a0<\/li>\n<\/ul>\n<\/div><\/div><\/div><\/div><div class='grid_row clearfix'><div class='grid_col grid_col_8'><div class='ce clearfix'><h3 class=\"ce_title\"><div>Valores PGE<\/div><\/h3><div>\n<p id=\"yui_3_18_1_1_1615735367574_5556\">Para nosotros como fundaci\u00f3n, es importante estimular la formaci\u00f3n de valores, ya que no s\u00f3lo apuntamos a la formaci\u00f3n de personas de ciencias si no tambi\u00e9n de personas sociales y activas, que junto a la b\u00fasqueda de respuestas a sus propias interrogantes, sean capaces de compartirlas con otras personas aportando como agentes de cambio en su ambiente inmediato.<\/p>\n<\/div><\/div><\/div><div class='grid_col grid_col_4'><div class='ce clearfix'><div>\n<ul>\n<li>Amistad<\/li>\n<li>Generosidad<\/li>\n<li>Compa\u00f1erismo<\/li>\n<li>Perseverancia<\/li>\n<li>Justicia<\/li>\n<li>Respeto<\/li>\n<li>Gratitud<\/li>\n<li>Veracidad<\/li>\n<\/ul>\n<\/div><\/div><\/div><\/div><div class='grid_row clearfix'><div class='grid_col grid_col_12'><div class='ce clearfix'><div  class='cws_callout'><div class='content_section'><div class='callout_title'><div class=\"bees bees-end\"><span><\/span><\/div>Equipo<\/div><\/div><div class='button_section'><a href='https:\/\/fundacionpge.cl\/sitio\/equipo\/' class='cws_button xlarge' >Conoce a nuestro equipo<div class='button-shadow'><\/div><\/a><\/div><\/div><\/div><\/div><\/div>\n","protected":false},"excerpt":{"rendered":"","protected":false},"author":1,"featured_media":0,"parent":0,"menu_order":0,"comment_status":"closed","ping_status":"closed","template":"","meta":[],"_links":{"self":[{"href":"https:\/\/fundacionpge.cl\/sitio\/wp-json\/wp\/v2\/pages\/2085"}],"collection":[{"href":"https:\/\/fundacionpge.cl\/sitio\/wp-json\/wp\/v2\/pages"}],"about":[{"href":"https:\/\/fundacionpge.cl\/sitio\/wp-json\/wp\/v2\/types\/page"}],"author":[{"embeddable":true,"href":"https:\/\/fundacionpge.cl\/sitio\/wp-json\/wp\/v2\/users\/1"}],"replies":[{"embeddable":true,"href":"https:\/\/fundacionpge.cl\/sitio\/wp-json\/wp\/v2\/comments?post=2085"}],"version-history":[{"count":43,"href":"https:\/\/fundacionpge.cl\/sitio\/wp-json\/wp\/v2\/pages\/2085\/revisions"}],"predecessor-version":[{"id":5339,"href":"https:\/\/fundacionpge.cl\/sitio\/wp-json\/wp\/v2\/pages\/2085\/revisions\/5339"}],"wp:attachment":[{"href":"https:\/\/fundacionpge.cl\/sitio\/wp-json\/wp\/v2\/media?parent=2085"}],"curies":[{"name":"wp","href":"https:\/\/api.w.org\/{rel}","templated":true}]}}