{"id":2288,"date":"2015-04-07T11:45:16","date_gmt":"2015-04-07T11:45:16","guid":{"rendered":"http:\/\/pequenasgrandesestrellas.cl\/sitio\/"},"modified":"2020-12-01T15:04:49","modified_gmt":"2020-12-01T18:04:49","slug":"home-2","status":"publish","type":"page","link":"https:\/\/fundacionpge.cl\/sitio\/","title":{"rendered":"Inicio"},"content":{"rendered":"<div class='grid_row clearfix' style='padding-top: 30px;'><div class='grid_col grid_col_8'><div class='ce clearfix'><div>\n<h3 class=\"ce_title\">El proyecto<\/h3>\n<p>El proyecto Peque\u00f1as Grandes Estrellas nace como fundaci\u00f3n en Marzo del 2018, luego de 3 a\u00f1os de que la fundadora Daniela Fern\u00e1ndez Rosso realizar\u00e1 el taller \u201cEntrepeques en el Universo\u201d en el Jard\u00edn Infantil Entrepeques. Este taller consta de actividades did\u00e1cticas y recreativas relacionadas con diversos temas de astronom\u00eda, para ni\u00f1os entre 2-4 a\u00f1os. Este trabajo se ha realizado en conjunto con las educadoras de p\u00e1rvulo, quienes han apoyado el proceso creativo y educativo desde su especialidad.<\/p>\n<\/div><\/div><\/div><div class='grid_col grid_col_4'><div class='ce clearfix'><div>\n<p><img loading=\"lazy\" class=\"alignnone wp-image-5123 size-full\" src=\"https:\/\/fundacionpge.cl\/sitio\/wp-content\/uploads\/2020\/12\/Etiqueta.png\" alt=\"\" width=\"819\" height=\"460\" srcset=\"https:\/\/fundacionpge.cl\/sitio\/wp-content\/uploads\/2020\/12\/Etiqueta.png 819w, https:\/\/fundacionpge.cl\/sitio\/wp-content\/uploads\/2020\/12\/Etiqueta-768x431.png 768w, https:\/\/fundacionpge.cl\/sitio\/wp-content\/uploads\/2020\/12\/Etiqueta-100x56.png 100w, https:\/\/fundacionpge.cl\/sitio\/wp-content\/uploads\/2020\/12\/Etiqueta-230x129.png 230w\" sizes=\"(max-width: 819px) 100vw, 819px\" \/><\/p>\n<\/div><\/div><\/div><\/div><div class='grid_row clearfix'><div class='grid_col grid_col_6'><div class='ce clearfix'><h3 class=\"ce_title\"><div>Misi\u00f3n<\/div><\/h3><div>\n<mark style='color:#e29134;background-color:#fff;'>Nuestra misi\u00f3n es acercar la Astronom\u00eda a ni\u00f1os de 2-5 a\u00f1os de edad, complementandolo con las bases curriculares. En conjunto, queremos apoyar y capacitar a las educadoras de p\u00e1rvulo en temas astron\u00f3micos. <\/mark>\n<\/div><\/div><\/div><div class='grid_col grid_col_6'><div class='ce clearfix'><h3 class=\"ce_title\"><div>Visi\u00f3n<\/div><\/h3><div>\n<mark style='color:#e29134;background-color:#fff;'>Nuestra visi\u00f3n es ser un referente a nivel nacional de educaci\u00f3n de astronom\u00eda en etapa pre-escolar, liderado por astr\u00f3nomos. <\/mark>\n<\/div><\/div><\/div><\/div><div class='grid_row clearfix'><div class='grid_col grid_col_12'><div class='ce clearfix'><div  class='cws_callout'><div class='content_section'><div class='callout_text'>\n<p>Te invitamos a ser parte de nuestra fundaci\u00f3n. Bienvenid@s a este maravilloso viaje.<\/p>\n<p>Conoce m\u00e1s sobre nuestro proyecto&nbsp;<\/p>\n<\/div><\/div><div class='button_section'><a href='https:\/\/fundacionpge.cl\/sitio\/proyecto\/' class='cws_button xlarge' >Proyecto<div class='button-shadow'><\/div><\/a><\/div><\/div><\/div><\/div><\/div><div class='grid_row clearfix'><div class='grid_col grid_col_12'><div class='ce clearfix'><div>\n<hr>\n<\/div><\/div><\/div><\/div><div class='grid_row clearfix'><div class='grid_col grid_col_12'><div class='ce clearfix'><div>\n<h3 class=\"ce_title\" style=\"text-align: center; font-size: 50px;\">\u00bfPor qu\u00e9 educar en astronom\u00eda a ni\u00f1os y ni\u00f1as?<\/h3>\n<\/div><\/div><\/div><\/div><div class='grid_row clearfix'><div class='grid_col grid_col_6'><div class='ce clearfix'><div>\n<div class='cws_fa_tbl'><div class='cws_fa_tbl_row'><div class='cws_fa_tbl_cell size_1x'><div class='cws_fa_wrapper round'><i class='cws_fa fa fa-1x fa-university'><\/i><span class='ring'><\/span><\/div><\/div><div class='cws_fa_tbl_cell'><h2>COMUNIDAD<\/h2><\/div><\/div><div class='cws_fa_tbl_row'><div class='cws_fa_tbl_cell'><\/div><div class='cws_fa_tbl_cell'>\n\n<p>Entender que somos parte de un mismo ecosistema comprendiendo que cada integrante aporta a su equilibrio.<\/p>\n<\/div><\/div><\/div>\n<\/div><\/div><div class='ce clearfix'><div>\n<div class='cws_fa_tbl'><div class='cws_fa_tbl_row'><div class='cws_fa_tbl_cell size_1x'><div class='cws_fa_wrapper round'><i class='cws_fa fa fa-1x fa-book'><\/i><span class='ring'><\/span><\/div><\/div><div class='cws_fa_tbl_cell'><h2>PROACTIVIDAD<\/h2><\/div><\/div><div class='cws_fa_tbl_row'><div class='cws_fa_tbl_cell'><\/div><div class='cws_fa_tbl_cell'>\n\n<p>Buscar respuestas a sus propias interrogantes, crear procedimientos desarrollando el pensamiento anal\u00edtico.<\/p>\n<\/div><\/div><\/div>\n<\/div><\/div><\/div><div class='grid_col grid_col_6'><div class='ce clearfix'><div>\n<div class='cws_fa_tbl'><div class='cws_fa_tbl_row'><div class='cws_fa_tbl_cell size_1x'><div class='cws_fa_wrapper round'><i class='cws_fa fa fa-1x fa-cubes'><\/i><span class='ring'><\/span><\/div><\/div><div class='cws_fa_tbl_cell'><h2>CONCIENCIA MEDIOAMBIENTAL<\/h2><\/div><\/div><div class='cws_fa_tbl_row'><div class='cws_fa_tbl_cell'><\/div><div class='cws_fa_tbl_cell'>\n\n<p>Valorar el cuidado del medio ambiente\u00a0 comprendiendo los problemas y buscando posibles soluciones.<\/p>\n<\/div><\/div><\/div>\n<\/div><\/div><div class='ce clearfix'><div>\n<div class='cws_fa_tbl'><div class='cws_fa_tbl_row'><div class='cws_fa_tbl_cell size_1x'><div class='cws_fa_wrapper round'><i class='cws_fa fa fa-1x fa-heart'><\/i><span class='ring'><\/span><\/div><\/div><div class='cws_fa_tbl_cell'><h2>COMUNICACI\u00d3N<\/h2><\/div><\/div><div class='cws_fa_tbl_row'><div class='cws_fa_tbl_cell'><\/div><div class='cws_fa_tbl_cell'>\n\n<p>Elaborar explicaciones y presentaciones entregando claridad a preguntas sobre diversos temas<\/p>\n<\/div><\/div><\/div>\n<\/div><\/div><\/div><\/div><div class='grid_row clearfix'><div class='grid_col grid_col_12'><div class='ce clearfix'><div>\n<hr>\n<\/div><\/div><\/div><\/div><div class='grid_row clearfix'><div class='grid_col grid_col_12'><div class='ce clearfix'><div>\n<h2 style=\"text-align: center;\"><strong>Nuestra experiencia o &iexcl;s&uacute;mate a nosotros!<\/strong><\/h2>\n\n\t\t<style type=\"text\/css\">\n\t\t\t#gallery-1 {\n\t\t\t\tmargin: auto;\n\t\t\t}\n\t\t\t#gallery-1 .gallery-item {\n\t\t\t\tfloat: left;\n\t\t\t\tmargin-top: 10px;\n\t\t\t\ttext-align: center;\n\t\t\t\twidth: 33%;\n\t\t\t}\n\t\t\t#gallery-1 img {\n\t\t\t\tborder: 2px solid #cfcfcf;\n\t\t\t}\n\t\t\t#gallery-1 .gallery-caption {\n\t\t\t\tmargin-left: 0;\n\t\t\t}\n\t\t\t\/* see gallery_shortcode() in wp-includes\/media.php *\/\n\t\t<\/style>\n\t\t<div id='gallery-1' class='gallery galleryid-2288 gallery-columns-3 gallery-size-event-post-thumb-box'><dl class='gallery-item'>\n\t\t\t<dt class='gallery-icon landscape'>\n\t\t\t\t<a href='https:\/\/fundacionpge.cl\/sitio\/wp-content\/uploads\/2020\/12\/Foto-1-scaled.jpeg'><img width=\"300\" height=\"240\" src=\"https:\/\/fundacionpge.cl\/sitio\/wp-content\/uploads\/2020\/12\/Foto-1-300x240.jpeg\" class=\"attachment-event-post-thumb-box size-event-post-thumb-box\" alt=\"\" loading=\"lazy\" \/><\/a>\n\t\t\t<\/dt><\/dl><dl class='gallery-item'>\n\t\t\t<dt class='gallery-icon landscape'>\n\t\t\t\t<a href='https:\/\/fundacionpge.cl\/sitio\/wp-content\/uploads\/2020\/12\/Foto-3-scaled.jpeg'><img width=\"300\" height=\"240\" src=\"https:\/\/fundacionpge.cl\/sitio\/wp-content\/uploads\/2020\/12\/Foto-3-300x240.jpeg\" class=\"attachment-event-post-thumb-box size-event-post-thumb-box\" alt=\"\" loading=\"lazy\" \/><\/a>\n\t\t\t<\/dt><\/dl><dl class='gallery-item'>\n\t\t\t<dt class='gallery-icon landscape'>\n\t\t\t\t<a href='https:\/\/fundacionpge.cl\/sitio\/wp-content\/uploads\/2020\/12\/Foto-2.jpeg'><img width=\"300\" height=\"240\" src=\"https:\/\/fundacionpge.cl\/sitio\/wp-content\/uploads\/2020\/12\/Foto-2-300x240.jpeg\" class=\"attachment-event-post-thumb-box size-event-post-thumb-box\" alt=\"\" loading=\"lazy\" \/><\/a>\n\t\t\t<\/dt><\/dl><br style=\"clear: both\" \/>\n\t\t<\/div>\n\n<\/div><\/div><\/div><\/div><div class='grid_row clearfix' style='padding-top: 0px;'><div class='grid_col grid_col_12'><div class='ce clearfix'><div  class='cws_callout'><div class='content_section'><div class='callout_title'><div class=\"bees bees-end\"><span><\/span><\/div> \u00a1Ap\u00f3yanos!<\/div><div class='separate'><\/div><div class='callout_text'>\n<p style=\"text-align: center;\"><strong>Conoce m\u00e1s sobre c\u00f3mo apoyar este proyecto<\/strong><\/p>\n<\/div><\/div><div class='button_section'><a href='https:\/\/fundacionpge.cl\/sitio\/donaciones\/' class='cws_button xlarge' >Ingrese aqu\u00ed<div class='button-shadow'><\/div><\/a><\/div><\/div><\/div><\/div><\/div>\n","protected":false},"excerpt":{"rendered":"","protected":false},"author":1,"featured_media":0,"parent":0,"menu_order":0,"comment_status":"closed","ping_status":"closed","template":"","meta":[],"_links":{"self":[{"href":"https:\/\/fundacionpge.cl\/sitio\/wp-json\/wp\/v2\/pages\/2288"}],"collection":[{"href":"https:\/\/fundacionpge.cl\/sitio\/wp-json\/wp\/v2\/pages"}],"about":[{"href":"https:\/\/fundacionpge.cl\/sitio\/wp-json\/wp\/v2\/types\/page"}],"author":[{"embeddable":true,"href":"https:\/\/fundacionpge.cl\/sitio\/wp-json\/wp\/v2\/users\/1"}],"replies":[{"embeddable":true,"href":"https:\/\/fundacionpge.cl\/sitio\/wp-json\/wp\/v2\/comments?post=2288"}],"version-history":[{"count":38,"href":"https:\/\/fundacionpge.cl\/sitio\/wp-json\/wp\/v2\/pages\/2288\/revisions"}],"predecessor-version":[{"id":5138,"href":"https:\/\/fundacionpge.cl\/sitio\/wp-json\/wp\/v2\/pages\/2288\/revisions\/5138"}],"wp:attachment":[{"href":"https:\/\/fundacionpge.cl\/sitio\/wp-json\/wp\/v2\/media?parent=2288"}],"curies":[{"name":"wp","href":"https:\/\/api.w.org\/{rel}","templated":true}]}}