{"id":5223,"date":"2021-02-02T09:32:25","date_gmt":"2021-02-02T12:32:25","guid":{"rendered":"http:\/\/pequenasgrandesestrellas.cl\/sitio\/?page_id=5223"},"modified":"2024-03-06T10:42:45","modified_gmt":"2024-03-06T13:42:45","slug":"capacitaciones","status":"publish","type":"page","link":"https:\/\/fundacionpge.cl\/sitio\/capacitaciones\/","title":{"rendered":"Para Educadores\/as"},"content":{"rendered":"<div class='grid_row clearfix'><div class='grid_col grid_col_4'><div class='ce clearfix'><div>\n<p><img loading=\"lazy\" class=\"alignnone wp-image-5680\" src=\"..\/wp-content\/uploads\/2024\/02\/IMG_9112-3-150x150.jpeg\" alt=\"\" width=\"269\" height=\"269\" srcset=\"https:\/\/fundacionpge.cl\/sitio\/wp-content\/uploads\/2024\/02\/IMG_9112-3-150x150.jpeg 150w, https:\/\/fundacionpge.cl\/sitio\/wp-content\/uploads\/2024\/02\/IMG_9112-3-300x300.jpeg 300w, https:\/\/fundacionpge.cl\/sitio\/wp-content\/uploads\/2024\/02\/IMG_9112-3-1024x1024.jpeg 1024w, https:\/\/fundacionpge.cl\/sitio\/wp-content\/uploads\/2024\/02\/IMG_9112-3-1536x1536.jpeg 1536w, https:\/\/fundacionpge.cl\/sitio\/wp-content\/uploads\/2024\/02\/IMG_9112-3-2048x2048.jpeg 2048w\" sizes=\"(max-width: 269px) 100vw, 269px\" \/><\/p>\n<\/div><\/div><\/div><div class='grid_col grid_col_8'><div data-wow-duration='2s' data-wow-offset='10' data-wow-iteration='1' class='ce clearfix wow bounce'><h3 class=\"ce_title\"><div>Capacitaciones para Educadoras\/es de P\u00e1rvulos<\/div><\/h3><div>\n<p>Los y las educadoras de p&aacute;rvulos (y equipos t&eacute;cnicos) son las personas encargadas de llevar a cabo experiencias de aprendizajes que nutran la primera infancia. En Fundaci&oacute;n PGE buscamos impactar en estos agentes educativos, brindando capacitaciones que actualizan los conocimientos cient&iacute;ficos-astron&oacute;micos, otorgando herramientas de aprendizaje e invitando a ver las ciencias como un medio y no s&oacute;lo como un fin.<\/p>\n<\/div><\/div><div class='ce clearfix'><div  class='cws_callout'><div class='content_section'><div class='callout_text'>\n<p><span id=\"yui_3_18_1_1_1615735041332_1252\" style=\"font-weight: 400;\">\u201cAl ofrecer al ni\u00f1o la historia del universo, le damos algo mil veces m\u00e1s infinito y misterioso para reconstruir con su imaginaci\u00f3n.\u201d<\/span><\/p>\n<p id=\"yui_3_18_1_1_1709083786589_1238\"><span id=\"yui_3_18_1_1_1709083786589_1240\" style=\"font-weight: 400;\">\u2014MAR\u00cdA MONTESSORI<\/span><\/p>\n<p><span style=\"font-weight: 400;\"><\/p>\n<p><\/span><\/p>\n<\/div><\/div><div class='button_section'><a href='https:\/\/fundacionpge.cl\/sitio\/contacto\/' class='cws_button xlarge' >Inscribete aqu\u00ed!<div class='button-shadow'><\/div><\/a><\/div><\/div><\/div><\/div><\/div><div class='grid_row clearfix'><div class='grid_col grid_col_12'><\/div><\/div>\n","protected":false},"excerpt":{"rendered":"","protected":false},"author":1,"featured_media":0,"parent":0,"menu_order":0,"comment_status":"closed","ping_status":"closed","template":"","meta":[],"_links":{"self":[{"href":"https:\/\/fundacionpge.cl\/sitio\/wp-json\/wp\/v2\/pages\/5223"}],"collection":[{"href":"https:\/\/fundacionpge.cl\/sitio\/wp-json\/wp\/v2\/pages"}],"about":[{"href":"https:\/\/fundacionpge.cl\/sitio\/wp-json\/wp\/v2\/types\/page"}],"author":[{"embeddable":true,"href":"https:\/\/fundacionpge.cl\/sitio\/wp-json\/wp\/v2\/users\/1"}],"replies":[{"embeddable":true,"href":"https:\/\/fundacionpge.cl\/sitio\/wp-json\/wp\/v2\/comments?post=5223"}],"version-history":[{"count":20,"href":"https:\/\/fundacionpge.cl\/sitio\/wp-json\/wp\/v2\/pages\/5223\/revisions"}],"predecessor-version":[{"id":5718,"href":"https:\/\/fundacionpge.cl\/sitio\/wp-json\/wp\/v2\/pages\/5223\/revisions\/5718"}],"wp:attachment":[{"href":"https:\/\/fundacionpge.cl\/sitio\/wp-json\/wp\/v2\/media?parent=5223"}],"curies":[{"name":"wp","href":"https:\/\/api.w.org\/{rel}","templated":true}]}}