{"id":5229,"date":"2021-02-02T09:33:51","date_gmt":"2021-02-02T12:33:51","guid":{"rendered":"http:\/\/pequenasgrandesestrellas.cl\/sitio\/?page_id=5229"},"modified":"2024-02-27T21:58:54","modified_gmt":"2024-02-28T00:58:54","slug":"serie-astro-que","status":"publish","type":"page","link":"https:\/\/fundacionpge.cl\/sitio\/serie-astro-que\/","title":{"rendered":"Serie \u00bfAstro&#8230;qu\u00e9?"},"content":{"rendered":"<div class='grid_row clearfix'><div class='grid_col grid_col_4'><div class='ce clearfix'><div>\n<p><img loading=\"lazy\" class=\"alignnone size-medium wp-image-5371\" src=\"https:\/\/fundacionpge.cl\/sitio\/wp-content\/uploads\/2021\/03\/Portada_General-300x300.png\" alt=\"\" width=\"300\" height=\"300\" srcset=\"https:\/\/fundacionpge.cl\/sitio\/wp-content\/uploads\/2021\/03\/Portada_General-300x300.png 300w, https:\/\/fundacionpge.cl\/sitio\/wp-content\/uploads\/2021\/03\/Portada_General-1024x1024.png 1024w, https:\/\/fundacionpge.cl\/sitio\/wp-content\/uploads\/2021\/03\/Portada_General-150x150.png 150w, https:\/\/fundacionpge.cl\/sitio\/wp-content\/uploads\/2021\/03\/Portada_General-1536x1536.png 1536w, https:\/\/fundacionpge.cl\/sitio\/wp-content\/uploads\/2021\/03\/Portada_General-2048x2048.png 2048w\" sizes=\"(max-width: 300px) 100vw, 300px\" \/><\/p>\n<\/div><\/div><\/div><div class='grid_col grid_col_8'><div class='ce clearfix'><h3 class=\"ce_title\"><div>Serie \u00bfAstro...qu\u00e9?<\/div><\/h3><div>\n<h2><span style=\"font-weight: 400;\">Preguntas de astronom\u00eda, respuestas de astr\u00f3nomas y astr\u00f3nomos<\/span><\/h2>\n<p><span style=\"font-weight: 400;\">\u00bfQu\u00e9 pasa si juntas a m\u00e1s de 30 astr\u00f3nom@s en #Cuarentena y en un grupo de Whatsapp? Entre fotos de la Superluna\u00a0 y discusi\u00f3n de la alineaci\u00f3n de planetas, nace un gran proyecto de divulgaci\u00f3n astron\u00f3mica! Esta vez unimos fuerzas y nuestras redes sociales para responder todas las preguntas astron\u00f3micas que alguna vez te hiciste.<\/span><\/p>\n<p><span style=\"font-weight: 400;\">Las respuestas ser\u00e1n publicadas semanalmente en nuestras divertidas c\u00e1psulas donde podr\u00e1s conocer a todos los astr\u00f3nom@s e instituciones participantes.\ud83d\udc69\ud83c\udffc\u200d\ud83d\ude80 As\u00ed que como dice Carl Sagan: En alg\u00fan lugar, algo incre\u00edble est\u00e1 esperando a ser descubierto&#8230; y nosotros estamos aqu\u00ed para explic\u00e1rtelo<\/span><\/p>\n<\/div><\/div><div data-wow-duration='2s' data-wow-offset='10' data-wow-iteration='1' class='ce clearfix wow swing'><div  class='cws_callout'><div class='content_section'><div class='callout_text'>\n<p>Revisa todos los videos en nuestro canal de Youtube&nbsp;<\/p>\n<\/div><\/div><div class='button_section'><a href='https:\/\/www.youtube.com\/watch?v=V17TmFNJWgo&#038;list=PLNqx3D2QR2Fpiex8fvWmbJFn4FKfcx8e4' class='cws_button xlarge' >\u00bfAstro...qu\u00e9? <div class='button-shadow'><\/div><\/a><\/div><\/div><\/div><\/div><\/div><div class='grid_row clearfix'><div class='grid_col grid_col_4'><div class='ce clearfix'><div>\n<p><img loading=\"lazy\" class=\"alignnone size-medium wp-image-5372\" src=\"https:\/\/fundacionpge.cl\/sitio\/wp-content\/uploads\/2021\/03\/Portada_Kids-300x300.png\" alt=\"\" width=\"300\" height=\"300\" srcset=\"https:\/\/fundacionpge.cl\/sitio\/wp-content\/uploads\/2021\/03\/Portada_Kids-300x300.png 300w, https:\/\/fundacionpge.cl\/sitio\/wp-content\/uploads\/2021\/03\/Portada_Kids-1024x1024.png 1024w, https:\/\/fundacionpge.cl\/sitio\/wp-content\/uploads\/2021\/03\/Portada_Kids-150x150.png 150w, https:\/\/fundacionpge.cl\/sitio\/wp-content\/uploads\/2021\/03\/Portada_Kids-1536x1536.png 1536w, https:\/\/fundacionpge.cl\/sitio\/wp-content\/uploads\/2021\/03\/Portada_Kids-2048x2048.png 2048w\" sizes=\"(max-width: 300px) 100vw, 300px\" \/><\/p>\n<\/div><\/div><\/div><div class='grid_col grid_col_8'><div class='ce clearfix'><h3 class=\"ce_title\"><div> \u00bfAstro...qu\u00e9? KIDS<\/div><\/h3><div>\n<p>\u00a1Tambi\u00e9n tenemos videos con las preguntas de ni\u00f1os y ni\u00f1as!\u00a0<\/p>\n<\/div><\/div><div data-wow-duration='2s' data-wow-offset='10' data-wow-iteration='1' class='ce clearfix wow swing'><div  class='cws_callout'><div class='content_section'><div class='callout_text'>\n<p>Revisa todos los videos KIDS en nuestro canal de Youtube&nbsp;<\/p>\n<\/div><\/div><div class='button_section'><a href='https:\/\/www.youtube.com\/watch?v=jm7J3_5eJ4w&#038;list=PLNqx3D2QR2FpxmhiOTdXKLvQon5s7VPJZ' class='cws_button xlarge' >\u00bfAstro...qu\u00e9? KIDS<div class='button-shadow'><\/div><\/a><\/div><\/div><\/div><\/div><\/div>\n","protected":false},"excerpt":{"rendered":"","protected":false},"author":1,"featured_media":0,"parent":0,"menu_order":0,"comment_status":"closed","ping_status":"closed","template":"","meta":[],"_links":{"self":[{"href":"https:\/\/fundacionpge.cl\/sitio\/wp-json\/wp\/v2\/pages\/5229"}],"collection":[{"href":"https:\/\/fundacionpge.cl\/sitio\/wp-json\/wp\/v2\/pages"}],"about":[{"href":"https:\/\/fundacionpge.cl\/sitio\/wp-json\/wp\/v2\/types\/page"}],"author":[{"embeddable":true,"href":"https:\/\/fundacionpge.cl\/sitio\/wp-json\/wp\/v2\/users\/1"}],"replies":[{"embeddable":true,"href":"https:\/\/fundacionpge.cl\/sitio\/wp-json\/wp\/v2\/comments?post=5229"}],"version-history":[{"count":12,"href":"https:\/\/fundacionpge.cl\/sitio\/wp-json\/wp\/v2\/pages\/5229\/revisions"}],"predecessor-version":[{"id":5405,"href":"https:\/\/fundacionpge.cl\/sitio\/wp-json\/wp\/v2\/pages\/5229\/revisions\/5405"}],"wp:attachment":[{"href":"https:\/\/fundacionpge.cl\/sitio\/wp-json\/wp\/v2\/media?parent=5229"}],"curies":[{"name":"wp","href":"https:\/\/api.w.org\/{rel}","templated":true}]}}