{"id":5231,"date":"2021-02-02T09:34:07","date_gmt":"2021-02-02T12:34:07","guid":{"rendered":"http:\/\/pequenasgrandesestrellas.cl\/sitio\/?page_id=5231"},"modified":"2024-02-27T21:58:36","modified_gmt":"2024-02-28T00:58:36","slug":"astro-yoga","status":"publish","type":"page","link":"https:\/\/fundacionpge.cl\/sitio\/taller\/astro-yoga\/","title":{"rendered":"AstoYoga"},"content":{"rendered":"<div class='grid_row clearfix'><div class='grid_col grid_col_4'><div class='ce clearfix'><div>\n<p><img loading=\"lazy\" class=\"alignnone size-medium wp-image-5596\" src=\"https:\/\/fundacionpge.cl\/sitio\/wp-content\/uploads\/2021\/06\/2-300x300.png\" alt=\"\" width=\"300\" height=\"300\" srcset=\"https:\/\/fundacionpge.cl\/sitio\/wp-content\/uploads\/2021\/06\/2-300x300.png 300w, https:\/\/fundacionpge.cl\/sitio\/wp-content\/uploads\/2021\/06\/2-1024x1024.png 1024w, https:\/\/fundacionpge.cl\/sitio\/wp-content\/uploads\/2021\/06\/2-150x150.png 150w, https:\/\/fundacionpge.cl\/sitio\/wp-content\/uploads\/2021\/06\/2-768x768.png 768w, https:\/\/fundacionpge.cl\/sitio\/wp-content\/uploads\/2021\/06\/2-1536x1536.png 1536w, https:\/\/fundacionpge.cl\/sitio\/wp-content\/uploads\/2021\/06\/2-2048x2048.png 2048w, https:\/\/fundacionpge.cl\/sitio\/wp-content\/uploads\/2021\/06\/2-100x100.png 100w, https:\/\/fundacionpge.cl\/sitio\/wp-content\/uploads\/2021\/06\/2-230x230.png 230w, https:\/\/fundacionpge.cl\/sitio\/wp-content\/uploads\/2021\/06\/2.png 1080w\" sizes=\"(max-width: 300px) 100vw, 300px\" \/><\/p>\n<\/div><\/div><\/div><div class='grid_col grid_col_8'><div class='ce clearfix'><h3 class=\"ce_title\"><div>Taller de Astroyoga <\/div><\/h3><div>\n<p><span style=\"font-weight: 400;\">\u00a0<\/span><span style=\"font-weight: 400;\">&#8220;Astro Yoga&#8221; es una nueva forma de aprender Astronom\u00eda. Junto a <\/span><span style=\"font-weight: 400;\">Mary y Carla<\/span><span style=\"font-weight: 400;\"> a<\/span><span style=\"font-weight: 400;\">prendemos astronom\u00eda a trav\u00e9s de cuentos yogui y de posturas especiales y did\u00e1cticas para los m\u00e1s peque\u00f1itos y peque\u00f1itas. <\/span><span style=\"font-weight: 400;\">Durante el a\u00f1o, cada s\u00e1bado aprenderemos sobre planetas, estrellas y mucho m\u00e1s!<\/span><\/p>\n<\/div><\/div><div data-wow-duration='2s' data-wow-offset='10' data-wow-iteration='1' class='ce clearfix wow swing'><div  class='cws_callout'><div class='content_section'><div class='callout_text'>\n<p>\u00a1No te quedes sin tu cupo e inscribete!<\/p>\n<\/div><\/div><div class='button_section'><a href='https:\/\/www.instagram.com\/yogamaryposa\/' class='cws_button xlarge' >Inscribete Aqu\u00ed<div class='button-shadow'><\/div><\/a><\/div><\/div><\/div><\/div><\/div><div class='grid_row clearfix'><div class='grid_col grid_col_12'><div class='ce clearfix'><h3 class=\"ce_title\"><div>Profesoras<\/div><\/h3><div>\n<p>Este taller es organizado y dictado por las siguientes profesoras<\/p>\n<\/div><\/div><\/div><\/div><div class='grid_row clearfix'><div class='grid_col grid_col_3'><div class='ce clearfix'><div>\n<p><img loading=\"lazy\" class=\"alignnone wp-image-5185 size-thumbnail\" src=\"https:\/\/fundacionpge.cl\/sitio\/wp-content\/uploads\/2020\/12\/Marybell-Lara-150x150.jpeg\" alt=\"\" width=\"150\" height=\"150\" srcset=\"https:\/\/fundacionpge.cl\/sitio\/wp-content\/uploads\/2020\/12\/Marybell-Lara-150x150.jpeg 150w, https:\/\/fundacionpge.cl\/sitio\/wp-content\/uploads\/2020\/12\/Marybell-Lara-300x300.jpeg 300w, https:\/\/fundacionpge.cl\/sitio\/wp-content\/uploads\/2020\/12\/Marybell-Lara-1024x1024.jpeg 1024w, https:\/\/fundacionpge.cl\/sitio\/wp-content\/uploads\/2020\/12\/Marybell-Lara-1536x1536.jpeg 1536w, https:\/\/fundacionpge.cl\/sitio\/wp-content\/uploads\/2020\/12\/Marybell-Lara-2048x2048.jpeg 2048w\" sizes=\"(max-width: 150px) 100vw, 150px\" \/>\u00a0<\/p>\n<\/div><\/div><\/div><div class='grid_col grid_col_3'><div class='ce clearfix'><div>\n<p><span style=\"font-weight: 400;\">\u2728Mary &#8220;<\/span><span style=\"font-weight: 400;\">Astro yoga es la mezcla perfecta entre el universo y su energ\u00eda. Aprendemos astronom\u00eda y yoga, jugando con posturas y viajando por el espacio.&#8221;<\/span><\/p>\n<\/div><\/div><\/div><div class='grid_col grid_col_3'><div class='ce clearfix'><div>\n<p><img loading=\"lazy\" class=\"alignnone wp-image-5355 size-thumbnail\" src=\"..\/wp-content\/uploads\/2021\/03\/WhatsApp-Image-2021-02-04-at-17.34.15-150x150.jpeg\" alt=\"\" width=\"150\" height=\"150\" srcset=\"https:\/\/fundacionpge.cl\/sitio\/wp-content\/uploads\/2021\/03\/WhatsApp-Image-2021-02-04-at-17.34.15-150x150.jpeg 150w, https:\/\/fundacionpge.cl\/sitio\/wp-content\/uploads\/2021\/03\/WhatsApp-Image-2021-02-04-at-17.34.15-300x300.jpeg 300w, https:\/\/fundacionpge.cl\/sitio\/wp-content\/uploads\/2021\/03\/WhatsApp-Image-2021-02-04-at-17.34.15-1024x1024.jpeg 1024w, https:\/\/fundacionpge.cl\/sitio\/wp-content\/uploads\/2021\/03\/WhatsApp-Image-2021-02-04-at-17.34.15-1536x1536.jpeg 1536w, https:\/\/fundacionpge.cl\/sitio\/wp-content\/uploads\/2021\/03\/WhatsApp-Image-2021-02-04-at-17.34.15-2048x2048.jpeg 2048w\" sizes=\"(max-width: 150px) 100vw, 150px\" \/><\/p>\n<\/div><\/div><\/div><div class='grid_col grid_col_3'><div class='ce clearfix'><div>\n<p><span style=\"font-weight: 400;\">\u2728Pati \u00a0&#8220;Jugar con la imaginaci\u00f3n para viajar por todos los rincones del universo, con la sabidur\u00eda y paciencia del yoga, es la mejor combinaci\u00f3n para aprender sin darnos cuenta.&#8221;<\/span><\/p>\n<\/div><\/div><\/div><\/div><div class='grid_row clearfix'><div class='grid_col grid_col_12'><div class='ce clearfix'><h3 class=\"ce_title\"><div>Programaci\u00f3n AstroYoga mes de Julio <\/div><\/h3><div>\n<p>Los y las esperamos en este nuevo viaje espacial.<\/p>\n<\/div><\/div><\/div><\/div><div class='grid_row clearfix'><div class='grid_col grid_col_4'><div class='ce clearfix'><div>\n<p><img loading=\"lazy\" class=\"alignnone size-medium wp-image-5596\" src=\"..\/wp-content\/uploads\/2021\/06\/2-300x300.png\" alt=\"\" width=\"300\" height=\"300\" srcset=\"https:\/\/fundacionpge.cl\/sitio\/wp-content\/uploads\/2021\/06\/2-300x300.png 300w, https:\/\/fundacionpge.cl\/sitio\/wp-content\/uploads\/2021\/06\/2-1024x1024.png 1024w, https:\/\/fundacionpge.cl\/sitio\/wp-content\/uploads\/2021\/06\/2-150x150.png 150w, https:\/\/fundacionpge.cl\/sitio\/wp-content\/uploads\/2021\/06\/2-768x768.png 768w, https:\/\/fundacionpge.cl\/sitio\/wp-content\/uploads\/2021\/06\/2-1536x1536.png 1536w, https:\/\/fundacionpge.cl\/sitio\/wp-content\/uploads\/2021\/06\/2-2048x2048.png 2048w, https:\/\/fundacionpge.cl\/sitio\/wp-content\/uploads\/2021\/06\/2-100x100.png 100w, https:\/\/fundacionpge.cl\/sitio\/wp-content\/uploads\/2021\/06\/2-230x230.png 230w, https:\/\/fundacionpge.cl\/sitio\/wp-content\/uploads\/2021\/06\/2.png 1080w\" sizes=\"(max-width: 300px) 100vw, 300px\" \/><\/p>\n<\/div><\/div><\/div><div class='grid_col grid_col_4'><div class='ce clearfix'><div>\n<p><img loading=\"lazy\" class=\"alignnone size-medium wp-image-5608\" src=\"..\/wp-content\/uploads\/2021\/06\/3-300x300.png\" alt=\"\" width=\"300\" height=\"300\" srcset=\"https:\/\/fundacionpge.cl\/sitio\/wp-content\/uploads\/2021\/06\/3-300x300.png 300w, https:\/\/fundacionpge.cl\/sitio\/wp-content\/uploads\/2021\/06\/3-1024x1024.png 1024w, https:\/\/fundacionpge.cl\/sitio\/wp-content\/uploads\/2021\/06\/3-150x150.png 150w, https:\/\/fundacionpge.cl\/sitio\/wp-content\/uploads\/2021\/06\/3-768x768.png 768w, https:\/\/fundacionpge.cl\/sitio\/wp-content\/uploads\/2021\/06\/3-1536x1536.png 1536w, https:\/\/fundacionpge.cl\/sitio\/wp-content\/uploads\/2021\/06\/3-2048x2048.png 2048w, https:\/\/fundacionpge.cl\/sitio\/wp-content\/uploads\/2021\/06\/3-100x100.png 100w, https:\/\/fundacionpge.cl\/sitio\/wp-content\/uploads\/2021\/06\/3-230x230.png 230w, https:\/\/fundacionpge.cl\/sitio\/wp-content\/uploads\/2021\/06\/3.png 1080w\" sizes=\"(max-width: 300px) 100vw, 300px\" \/><\/p>\n<\/div><\/div><\/div><div class='grid_col grid_col_4'><div class='ce clearfix'><div>\n<p><img loading=\"lazy\" class=\"alignnone size-medium wp-image-5607\" src=\"..\/wp-content\/uploads\/2021\/06\/4-300x300.png\" alt=\"\" width=\"300\" height=\"300\" srcset=\"https:\/\/fundacionpge.cl\/sitio\/wp-content\/uploads\/2021\/06\/4-300x300.png 300w, https:\/\/fundacionpge.cl\/sitio\/wp-content\/uploads\/2021\/06\/4-1024x1024.png 1024w, https:\/\/fundacionpge.cl\/sitio\/wp-content\/uploads\/2021\/06\/4-150x150.png 150w, https:\/\/fundacionpge.cl\/sitio\/wp-content\/uploads\/2021\/06\/4-768x768.png 768w, https:\/\/fundacionpge.cl\/sitio\/wp-content\/uploads\/2021\/06\/4-1536x1536.png 1536w, https:\/\/fundacionpge.cl\/sitio\/wp-content\/uploads\/2021\/06\/4-2048x2048.png 2048w, https:\/\/fundacionpge.cl\/sitio\/wp-content\/uploads\/2021\/06\/4-100x100.png 100w, https:\/\/fundacionpge.cl\/sitio\/wp-content\/uploads\/2021\/06\/4-230x230.png 230w, https:\/\/fundacionpge.cl\/sitio\/wp-content\/uploads\/2021\/06\/4.png 1080w\" sizes=\"(max-width: 300px) 100vw, 300px\" \/><\/p>\n<\/div><\/div><\/div><\/div>\n","protected":false},"excerpt":{"rendered":"","protected":false},"author":1,"featured_media":0,"parent":1904,"menu_order":0,"comment_status":"closed","ping_status":"closed","template":"","meta":[],"_links":{"self":[{"href":"https:\/\/fundacionpge.cl\/sitio\/wp-json\/wp\/v2\/pages\/5231"}],"collection":[{"href":"https:\/\/fundacionpge.cl\/sitio\/wp-json\/wp\/v2\/pages"}],"about":[{"href":"https:\/\/fundacionpge.cl\/sitio\/wp-json\/wp\/v2\/types\/page"}],"author":[{"embeddable":true,"href":"https:\/\/fundacionpge.cl\/sitio\/wp-json\/wp\/v2\/users\/1"}],"replies":[{"embeddable":true,"href":"https:\/\/fundacionpge.cl\/sitio\/wp-json\/wp\/v2\/comments?post=5231"}],"version-history":[{"count":60,"href":"https:\/\/fundacionpge.cl\/sitio\/wp-json\/wp\/v2\/pages\/5231\/revisions"}],"predecessor-version":[{"id":5326,"href":"https:\/\/fundacionpge.cl\/sitio\/wp-json\/wp\/v2\/pages\/5231\/revisions\/5326"}],"up":[{"embeddable":true,"href":"https:\/\/fundacionpge.cl\/sitio\/wp-json\/wp\/v2\/pages\/1904"}],"wp:attachment":[{"href":"https:\/\/fundacionpge.cl\/sitio\/wp-json\/wp\/v2\/media?parent=5231"}],"curies":[{"name":"wp","href":"https:\/\/api.w.org\/{rel}","templated":true}]}}