{"id":5678,"date":"2024-02-27T22:10:53","date_gmt":"2024-02-28T01:10:53","guid":{"rendered":"https:\/\/fundacionpge.cl\/sitio\/?page_id=5678"},"modified":"2025-04-06T08:28:48","modified_gmt":"2025-04-06T11:28:48","slug":"experiencias","status":"publish","type":"page","link":"https:\/\/fundacionpge.cl\/sitio\/experiencias\/","title":{"rendered":"ParExplora"},"content":{"rendered":"<div class='grid_row clearfix'><div class='grid_col grid_col_12'><div class='ce clearfix'><div>\n<p>Participar de los programas de <strong>Indagaci&oacute;n para Primeras Edades (PIPE)<\/strong> y <strong>Red CTCI de PAR Explora<\/strong>&nbsp;ha sido para nuestra fundaci&oacute;n, una enriquecedora experiencia que nos ha permitido divulgar las ciencias astron&oacute;micas en diversas comunidades educativas.<\/p>\n<\/div><\/div><\/div><\/div><div class='grid_row clearfix'><div class='grid_col grid_col_3'><div class='ce clearfix'><div>\n<p><img loading=\"lazy\" class=\"alignnone wp-image-5682\" src=\"..\/wp-content\/uploads\/2024\/02\/72ECAAF9-89D2-4340-9119-9AFED4A2EBCA-2-150x150.jpg\" alt=\"Capacitacion\" width=\"306\" height=\"306\" srcset=\"https:\/\/fundacionpge.cl\/sitio\/wp-content\/uploads\/2024\/02\/72ECAAF9-89D2-4340-9119-9AFED4A2EBCA-2-150x150.jpg 150w, https:\/\/fundacionpge.cl\/sitio\/wp-content\/uploads\/2024\/02\/72ECAAF9-89D2-4340-9119-9AFED4A2EBCA-2-300x300.jpg 300w, https:\/\/fundacionpge.cl\/sitio\/wp-content\/uploads\/2024\/02\/72ECAAF9-89D2-4340-9119-9AFED4A2EBCA-2-1024x1024.jpg 1024w, https:\/\/fundacionpge.cl\/sitio\/wp-content\/uploads\/2024\/02\/72ECAAF9-89D2-4340-9119-9AFED4A2EBCA-2-1536x1536.jpg 1536w, https:\/\/fundacionpge.cl\/sitio\/wp-content\/uploads\/2024\/02\/72ECAAF9-89D2-4340-9119-9AFED4A2EBCA-2-2048x2048.jpg 2048w\" sizes=\"(max-width: 306px) 100vw, 306px\" \/><\/p>\n<\/div><\/div><\/div><div class='grid_col grid_col_9'><div class='ce clearfix'><h3 class=\"ce_title\"><div>PIPE: Nova visita Magallanes<\/div><\/h3><div>\n<p>A trav&eacute;s de PIPE,<strong> viajamos al extremo sur del territorio nacional con el proyecto &ldquo;Astronom&iacute;a en el Aula: Nova visita Magallanes&rdquo;,<\/strong> donde llevamos a cabo una capacitaci&oacute;n para educadoras de p&aacute;rvulos acerca de Marte, la llegada del Ingenuity y los resultados que arrojaron los estudios sobre el misterioso planeta rojo. Para aquella ocasi&oacute;n contamos con la presencia de <strong>la Seremi de CTCI Macrozona Austral, Ver&oacute;nica Vallejos<\/strong>, quien nos acompa&ntilde;&oacute; con unas palabras de inicio para luego ser parte de la capacitaci&oacute;n. (Septiembre 2022)<\/p>\n<\/div><\/div><\/div><\/div><div class='grid_row clearfix'><div class='grid_col grid_col_3'><div class='ce clearfix'><div>\n<p><img loading=\"lazy\" class=\"alignnone wp-image-5681\" src=\"https:\/\/fundacionpge.cl\/sitio\/wp-content\/uploads\/2024\/02\/IMG_2260-2-150x150.jpeg\" alt=\"\" width=\"280\" height=\"280\" srcset=\"https:\/\/fundacionpge.cl\/sitio\/wp-content\/uploads\/2024\/02\/IMG_2260-2-150x150.jpeg 150w, https:\/\/fundacionpge.cl\/sitio\/wp-content\/uploads\/2024\/02\/IMG_2260-2-300x300.jpeg 300w, https:\/\/fundacionpge.cl\/sitio\/wp-content\/uploads\/2024\/02\/IMG_2260-2-1024x1024.jpeg 1024w, https:\/\/fundacionpge.cl\/sitio\/wp-content\/uploads\/2024\/02\/IMG_2260-2-1536x1536.jpeg 1536w, https:\/\/fundacionpge.cl\/sitio\/wp-content\/uploads\/2024\/02\/IMG_2260-2-2048x2048.jpeg 2048w\" sizes=\"(max-width: 280px) 100vw, 280px\" \/><\/p>\n<\/div><\/div><\/div><div class='grid_col grid_col_9'><div class='ce clearfix'><h3 class=\"ce_title\"><div>Las Traves\u00edas de Nova<\/div><\/h3><div>\n<p>Desde TRAVES\u00cdAS 2023, pudimos implementar el proyecto <strong>\u201cLas Traves\u00edas de Nova\u201d<\/strong>, mediante el <strong>co-dise\u00f1o con el equipo de profesoras del Colegio Santa Rosa de San Miguel<\/strong>, donde nos ajustamos a las necesidades de dos segundos b\u00e1sicos para llevar a cabo actividades de experimentaci\u00f3n relacionadas con el ciclo del agua, las estaciones del a\u00f1o, el registro de temperatura y el contraste de \u00e9stos datos cient\u00edficos con la realidad de otros planetas del Sistema Solar. (Noviembre 2023)<\/p>\n<\/div><\/div><\/div><\/div><div class='grid_row clearfix'><div class='grid_col grid_col_3'><div class='ce clearfix'><div>\n<p><img loading=\"lazy\" class=\"alignnone wp-image-5680\" src=\"https:\/\/fundacionpge.cl\/sitio\/wp-content\/uploads\/2024\/02\/IMG_9112-3-150x150.jpeg\" alt=\"\" width=\"280\" height=\"280\" srcset=\"https:\/\/fundacionpge.cl\/sitio\/wp-content\/uploads\/2024\/02\/IMG_9112-3-150x150.jpeg 150w, https:\/\/fundacionpge.cl\/sitio\/wp-content\/uploads\/2024\/02\/IMG_9112-3-300x300.jpeg 300w, https:\/\/fundacionpge.cl\/sitio\/wp-content\/uploads\/2024\/02\/IMG_9112-3-1024x1024.jpeg 1024w, https:\/\/fundacionpge.cl\/sitio\/wp-content\/uploads\/2024\/02\/IMG_9112-3-1536x1536.jpeg 1536w, https:\/\/fundacionpge.cl\/sitio\/wp-content\/uploads\/2024\/02\/IMG_9112-3-2048x2048.jpeg 2048w\" sizes=\"(max-width: 280px) 100vw, 280px\" \/><\/p>\n<\/div><\/div><\/div><div class='grid_col grid_col_9'><div class='ce clearfix'><h3 class=\"ce_title\"><div>Las Traves\u00edas de Nova: Peque\u00f1as Estrellas<\/div><\/h3><div>\n<p class=\"p1\"><span class=\"s1\">En 2024, junto a <\/span><strong>PAR Explora RM Sur Oriente<\/strong><span class=\"s1\">, tuvimos la alegr\u00eda de implementar una nueva aventura <strong>&#8220;Las Traves\u00edas de Nova: Peque\u00f1as Estrellas&#8221;<\/strong> junto a la <\/span><strong>Escuela de Lenguaje Explora<\/strong><span class=\"s1\">, donde ni\u00f1as y ni\u00f1os de nivel k\u00ednder vivieron una experiencia inolvidable de exploraci\u00f3n del universo, abordando temas como el <\/span>origen del universo y el Big Bang, la formaci\u00f3n del planeta Tierra, la Luna, el Sol, las fases lunares, la gravedad, las constelaciones, la observaci\u00f3n del cielo con nuestros ojos y con tecnolog\u00eda, y la magia de la luz a trav\u00e9s del personaje Lumi<span class=\"s1\">. (Julio \u2013 Septiembre 2024)<\/span><\/p>\n<\/div><\/div><\/div><\/div><div class='grid_row clearfix'><div class='grid_col grid_col_3'><div class='ce clearfix'><div>\n<p><img loading=\"lazy\" class=\"alignnone wp-image-5732\" src=\"..\/wp-content\/uploads\/2025\/04\/IMG_4899-150x150.jpg\" alt=\"\" width=\"280\" height=\"280\" srcset=\"https:\/\/fundacionpge.cl\/sitio\/wp-content\/uploads\/2025\/04\/IMG_4899-150x150.jpg 150w, https:\/\/fundacionpge.cl\/sitio\/wp-content\/uploads\/2025\/04\/IMG_4899-300x300.jpg 300w, https:\/\/fundacionpge.cl\/sitio\/wp-content\/uploads\/2025\/04\/IMG_4899-1024x1024.jpg 1024w, https:\/\/fundacionpge.cl\/sitio\/wp-content\/uploads\/2025\/04\/IMG_4899-1536x1536.jpg 1536w, https:\/\/fundacionpge.cl\/sitio\/wp-content\/uploads\/2025\/04\/IMG_4899-2048x2048.jpg 2048w\" sizes=\"(max-width: 280px) 100vw, 280px\" \/><\/p>\n<\/div><\/div><\/div><div class='grid_col grid_col_9'><div class='ce clearfix'><h3 class=\"ce_title\"><div>Traves\u00eda: Estelart <\/div><\/h3><div>\n<p class=\"p1\">En 2024, junto a <span class=\"s1\"><strong>PAR Explora RM Sur Oriente<\/strong><\/span>, llevamos a cabo una nueva Traves\u00eda en la <span class=\"s1\"><strong>Escuela Espa\u00f1a de San Bernardo<\/strong><\/span>, trabajando con estudiantes de <span class=\"s1\"><strong>1\u00b0 a 4\u00b0 b\u00e1sico<\/strong><\/span>. Transformamos nuestro programa <span class=\"s1\"><strong>EstelArt<\/strong><\/span> para complementar las <span class=\"s1\"><strong>Bases Curriculares del Ministerio de Educaci\u00f3n<\/strong><\/span>, integrando arte, ciencia y astronom\u00eda en experiencias significativas para cada nivel.<\/p>\n<p class=\"p1\">Con ni\u00f1as y ni\u00f1os de <span class=\"s1\">1\u00b0 y 2\u00b0 b\u00e1sico<\/span> exploramos los movimientos de la Tierra, el Sol y la Luna, reflexionamos sobre las estaciones del a\u00f1o y aprendimos sobre la <span class=\"s1\">contaminaci\u00f3n lum\u00ednica<\/span>. A trav\u00e9s del juego, el canto y la creaci\u00f3n, reforzamos el v\u00ednculo con nuestro planeta. Con <span class=\"s1\">3\u00b0 y 4\u00b0 b\u00e1sico<\/span>, viajamos por el <span class=\"s1\">Sistema Solar<\/span> junto a Lumi, conocimos las <span class=\"s1\">fuerzas de la naturaleza<\/span>, los <span class=\"s1\">planetas enanos<\/span> y el <span class=\"s1\">rol de la luz en el universo<\/span>. Cerramos la experiencia con modelos, pinturas y muchas preguntas que abren nuevas exploraciones. <em>(Julio \u2013 Septiembre 2024)<\/em><\/p>\n<\/div><\/div><\/div><\/div>\n","protected":false},"excerpt":{"rendered":"","protected":false},"author":3,"featured_media":0,"parent":0,"menu_order":0,"comment_status":"closed","ping_status":"closed","template":"","meta":[],"_links":{"self":[{"href":"https:\/\/fundacionpge.cl\/sitio\/wp-json\/wp\/v2\/pages\/5678"}],"collection":[{"href":"https:\/\/fundacionpge.cl\/sitio\/wp-json\/wp\/v2\/pages"}],"about":[{"href":"https:\/\/fundacionpge.cl\/sitio\/wp-json\/wp\/v2\/types\/page"}],"author":[{"embeddable":true,"href":"https:\/\/fundacionpge.cl\/sitio\/wp-json\/wp\/v2\/users\/3"}],"replies":[{"embeddable":true,"href":"https:\/\/fundacionpge.cl\/sitio\/wp-json\/wp\/v2\/comments?post=5678"}],"version-history":[{"count":18,"href":"https:\/\/fundacionpge.cl\/sitio\/wp-json\/wp\/v2\/pages\/5678\/revisions"}],"predecessor-version":[{"id":5781,"href":"https:\/\/fundacionpge.cl\/sitio\/wp-json\/wp\/v2\/pages\/5678\/revisions\/5781"}],"wp:attachment":[{"href":"https:\/\/fundacionpge.cl\/sitio\/wp-json\/wp\/v2\/media?parent=5678"}],"curies":[{"name":"wp","href":"https:\/\/api.w.org\/{rel}","templated":true}]}}