{"id":5695,"date":"2024-02-27T22:23:42","date_gmt":"2024-02-28T01:23:42","guid":{"rendered":"https:\/\/fundacionpge.cl\/sitio\/?page_id=5695"},"modified":"2025-04-06T08:01:36","modified_gmt":"2025-04-06T11:01:36","slug":"capacitaciones-2","status":"publish","type":"page","link":"https:\/\/fundacionpge.cl\/sitio\/capacitaciones-2\/","title":{"rendered":"Capacitaciones"},"content":{"rendered":"<div class='grid_row clearfix'><div class='grid_col grid_col_3'><div class='ce clearfix'><div>\n<p><img loading=\"lazy\" class=\"alignnone wp-image-5682\" src=\"https:\/\/fundacionpge.cl\/sitio\/wp-content\/uploads\/2024\/02\/72ECAAF9-89D2-4340-9119-9AFED4A2EBCA-2-150x150.jpg\" alt=\"Capacitacion\" width=\"300\" height=\"300\" srcset=\"https:\/\/fundacionpge.cl\/sitio\/wp-content\/uploads\/2024\/02\/72ECAAF9-89D2-4340-9119-9AFED4A2EBCA-2-150x150.jpg 150w, https:\/\/fundacionpge.cl\/sitio\/wp-content\/uploads\/2024\/02\/72ECAAF9-89D2-4340-9119-9AFED4A2EBCA-2-300x300.jpg 300w, https:\/\/fundacionpge.cl\/sitio\/wp-content\/uploads\/2024\/02\/72ECAAF9-89D2-4340-9119-9AFED4A2EBCA-2-1024x1024.jpg 1024w, https:\/\/fundacionpge.cl\/sitio\/wp-content\/uploads\/2024\/02\/72ECAAF9-89D2-4340-9119-9AFED4A2EBCA-2-1536x1536.jpg 1536w, https:\/\/fundacionpge.cl\/sitio\/wp-content\/uploads\/2024\/02\/72ECAAF9-89D2-4340-9119-9AFED4A2EBCA-2-2048x2048.jpg 2048w\" sizes=\"(max-width: 300px) 100vw, 300px\" \/><\/p>\n<\/div><\/div><div class='ce clearfix'><div>\n<p><strong>Dictado por:<\/strong><\/p>\n<p>&bull; Daniela Fern&aacute;ndez &ndash; Astr&oacute;noma, mag&iacute;ster en Comunicaci&oacute;n Cient&iacute;fica y fundadora de Peque&ntilde;as Grandes Estrellas.<\/p>\n<p>&bull; Camila Cifuentes &ndash; Educadora de p&aacute;rvulos, vicepresidenta y directora del &aacute;rea educativa de la Fundaci&oacute;n PGE.<\/p>\n<\/div><\/div><\/div><div class='grid_col grid_col_9'><div class='ce clearfix'><h3 class=\"ce_title\"><div>Capacitaci\u00f3n Mi Universo en Movimiento para Educadores\/as de P\u00e1rvulos <\/div><\/h3><div>\n<p>\u201cMi Universo en Movimiento\u201d es un taller dise\u00f1ado especialmente para entregar a educadores y educadoras de p\u00e1rvulos herramientas concretas y contenido astron\u00f3mico adaptado a la primera infancia. El objetivo es despertar la curiosidad cient\u00edfica en ni\u00f1os y ni\u00f1as a trav\u00e9s de estrategias pedag\u00f3gicas que fomentan la observaci\u00f3n, la exploraci\u00f3n del entorno y el asombro por el universo. Todo esto desde un enfoque l\u00fadico, interdisciplinario y significativo.<\/p>\n<p>Durante esta experiencia te\u00f3rico-pr\u00e1ctica se abordan conceptos fundamentales de la astronom\u00eda como los movimientos de la Tierra, el Sistema Solar, el ciclo del d\u00eda y la noche, y las fases de la Luna. Se incluyen din\u00e1micas participativas, recursos visuales y propuestas did\u00e1cticas para aplicar en el aula, en jardines infantiles o en espacios educativos no formales.<\/p>\n<p>Todas nuestras actividades est\u00e1n alineadas con las Bases Curriculares del Ministerio de Educaci\u00f3n de Chile, para cada uno de los niveles educativos correspondientes. Esto garantiza que las experiencias entregadas est\u00e9n en sinton\u00eda con los objetivos de aprendizaje y favorezcan una integraci\u00f3n real con el trabajo pedag\u00f3gico.<\/p>\n<\/div><\/div><div class='ce clearfix'><div  class='cws_callout'><div class='content_section'><div class='callout_title'><div class=\"bees bees-end\"><span><\/span><\/div>Escr\u00edbenos<\/div><div class='separate'><\/div><div class='callout_text'>\n<p class=\"p1\"><b id=\"yui_3_18_1_1_1743937103367_1499\">\u00bfQuieres que realicemos esta capacitacion en tu establecimiento o instituci\u00f3n?<\/b><\/p>\n<\/div><\/div><div class='button_section'><a href='https:\/\/fundacionpge.cl\/sitio\/contacto\/' class='cws_button xlarge' >Escr\u00edbenos<div class='button-shadow'><\/div><\/a><\/div><\/div><\/div><\/div><\/div>\n","protected":false},"excerpt":{"rendered":"","protected":false},"author":3,"featured_media":0,"parent":0,"menu_order":0,"comment_status":"closed","ping_status":"closed","template":"","meta":[],"_links":{"self":[{"href":"https:\/\/fundacionpge.cl\/sitio\/wp-json\/wp\/v2\/pages\/5695"}],"collection":[{"href":"https:\/\/fundacionpge.cl\/sitio\/wp-json\/wp\/v2\/pages"}],"about":[{"href":"https:\/\/fundacionpge.cl\/sitio\/wp-json\/wp\/v2\/types\/page"}],"author":[{"embeddable":true,"href":"https:\/\/fundacionpge.cl\/sitio\/wp-json\/wp\/v2\/users\/3"}],"replies":[{"embeddable":true,"href":"https:\/\/fundacionpge.cl\/sitio\/wp-json\/wp\/v2\/comments?post=5695"}],"version-history":[{"count":19,"href":"https:\/\/fundacionpge.cl\/sitio\/wp-json\/wp\/v2\/pages\/5695\/revisions"}],"predecessor-version":[{"id":5773,"href":"https:\/\/fundacionpge.cl\/sitio\/wp-json\/wp\/v2\/pages\/5695\/revisions\/5773"}],"wp:attachment":[{"href":"https:\/\/fundacionpge.cl\/sitio\/wp-json\/wp\/v2\/media?parent=5695"}],"curies":[{"name":"wp","href":"https:\/\/api.w.org\/{rel}","templated":true}]}}