{"id":5704,"date":"2024-02-27T22:31:56","date_gmt":"2024-02-28T01:31:56","guid":{"rendered":"https:\/\/fundacionpge.cl\/sitio\/?page_id=5704"},"modified":"2025-04-21T22:28:07","modified_gmt":"2025-04-22T01:28:07","slug":"astrocuentos-pge","status":"publish","type":"page","link":"https:\/\/fundacionpge.cl\/sitio\/astrocuentos-pge\/","title":{"rendered":"AstroCuentos"},"content":{"rendered":"<div class='grid_row clearfix'><div class='grid_col grid_col_12'><div class='ce clearfix'><h3 class=\"ce_title\"><div>AstroCuentos PGE: Historias que inspiran a las m\u00e1s peque\u00f1as\/os a conocer el Universo.<\/div><\/h3><div>\n<p>En Fundaci&oacute;n Peque&ntilde;as Grandes Estrellas dise&ntilde;amos experiencias narrativas pensadas especialmente para la primera infancia, donde ni&ntilde;as y ni&ntilde;os exploran el universo a trav&eacute;s del juego, la emoci&oacute;n y el asombro.<\/p>\n<p>Nuestros astrocuentos buscan despertar la imaginaci&oacute;n y sembrar la curiosidad cient&iacute;fica desde los primeros a&ntilde;os de vida, a trav&eacute;s de relatos que invitan a conocer el Universo, donde planetas, asteroides y estrellas son los protagonistas de las m&aacute;s incre&iacute;bles historias.<\/p>\n<p>*Todas nuestras propuestas est&aacute;n dise&ntilde;adas para los niveles de Educaci&oacute;n Inicial y Primer Ciclo B&aacute;sico, alineadas con las Bases Curriculares del Ministerio de Educaci&oacute;n de Chile.<\/p>\n<p>&iquest;Quieres que visitemos tu establecimiento educativo o instituci&oacute;n? Escr&iacute;benos al correo: hola@fundacionpge.cl<\/p>\n<\/div><\/div><\/div><\/div><div class='grid_row clearfix'><div class='grid_col grid_col_4'><div class='ce clearfix'><div>\n<p><img loading=\"lazy\" class=\"alignnone wp-image-5753\" src=\"https:\/\/fundacionpge.cl\/sitio\/wp-content\/uploads\/2025\/04\/Captura-de-pantalla-2025-04-06-a-las-6.44.38\u202fa.m.-150x150.png\" alt=\"\" width=\"300\" height=\"300\" srcset=\"https:\/\/fundacionpge.cl\/sitio\/wp-content\/uploads\/2025\/04\/Captura-de-pantalla-2025-04-06-a-las-6.44.38\u202fa.m.-150x150.png 150w, https:\/\/fundacionpge.cl\/sitio\/wp-content\/uploads\/2025\/04\/Captura-de-pantalla-2025-04-06-a-las-6.44.38\u202fa.m.-300x300.png 300w, https:\/\/fundacionpge.cl\/sitio\/wp-content\/uploads\/2025\/04\/Captura-de-pantalla-2025-04-06-a-las-6.44.38\u202fa.m.-1024x1024.png 1024w, https:\/\/fundacionpge.cl\/sitio\/wp-content\/uploads\/2025\/04\/Captura-de-pantalla-2025-04-06-a-las-6.44.38\u202fa.m.-1536x1536.png 1536w, https:\/\/fundacionpge.cl\/sitio\/wp-content\/uploads\/2025\/04\/Captura-de-pantalla-2025-04-06-a-las-6.44.38\u202fa.m.-2048x2048.png 2048w\" sizes=\"(max-width: 300px) 100vw, 300px\" \/><\/p>\n<\/div><\/div><div class='ce clearfix'><div>\n<p><img loading=\"lazy\" class=\"alignnone wp-image-5679\" src=\"..\/wp-content\/uploads\/2024\/02\/IMG_9885-3-150x150.jpeg\" alt=\"\" width=\"300\" height=\"300\" srcset=\"https:\/\/fundacionpge.cl\/sitio\/wp-content\/uploads\/2024\/02\/IMG_9885-3-150x150.jpeg 150w, https:\/\/fundacionpge.cl\/sitio\/wp-content\/uploads\/2024\/02\/IMG_9885-3-300x300.jpeg 300w, https:\/\/fundacionpge.cl\/sitio\/wp-content\/uploads\/2024\/02\/IMG_9885-3-1024x1024.jpeg 1024w, https:\/\/fundacionpge.cl\/sitio\/wp-content\/uploads\/2024\/02\/IMG_9885-3-1536x1536.jpeg 1536w, https:\/\/fundacionpge.cl\/sitio\/wp-content\/uploads\/2024\/02\/IMG_9885-3-2048x2048.jpeg 2048w\" sizes=\"(max-width: 300px) 100vw, 300px\" \/><\/p>\n<\/div><\/div><\/div><div class='grid_col grid_col_8'><div class='ce clearfix'><div>\n<h3><strong>\u00a1Te presentamos a continuaci\u00f3n nuestros cuentos!<\/strong><\/h3>\n<\/div><\/div><div class='ce clearfix'><div class='cws_ce_content ce_accordion'><div class='accordion_section active'><div class='accordion_title'><i class='accordion_icon'><\/i><span>Nova y los Eclipses<\/span><\/div><div class='accordion_content'>\n<p>Nova ha llegado al planeta Tierra para contarnos sobre sus incre\u00edbles viajes por el Universo. Conoceremos a los tres amigos inseparables: Sol, Luna y Tierra. Aprenderemos por qu\u00e9 nuestro planeta es tan especial, por qu\u00e9 nos acompa\u00f1a la Luna y la importancia de los eclipses.<\/p>\n<p>&#8211; Tem\u00e1tica Astron\u00f3mica: Eclipse Solar y Lunar.<br \/>&#8211; Vocabulario: Sol, Luna, planeta Tierra, estrella, eclipse, rotaci\u00f3n, traslaci\u00f3n, luz y sombra.<br \/>&#8211; Actividades Asociadas: Juego motor \u201cAstros en movimiento\u201d, pintado de Corona Solar, t\u00edteres de papel, modelo de eclipses, entre otras.<\/p>\n<\/div><\/div><div class='accordion_section active'><div class='accordion_title'><i class='accordion_icon'><\/i><span>ARTIE quiere ser un RockStar<\/span><\/div><div class='accordion_content'>\n<p>Artie es un divertido asteroide que decide escaparse del cintur\u00f3n de asteroides para viajar hasta la Tierra y convertirse en una estrella del rock. Junto a Nova, descubrir\u00e1 por qu\u00e9 estudiar meteoritos es tan importante para entender c\u00f3mo se form\u00f3 nuestro Sistema Solar.<\/p>\n<p>&#8211; Tem\u00e1tica Astron\u00f3mica: Asteroides<br \/>&#8211; Vocabulario: Sol, Luna, Tierra, Marte, J\u00fapiter, cintur\u00f3n de asteroides, asteroide, meteoro, meteorito, ge\u00f3loga, estrella, planeta.<br \/>&#8211; Actividades Asociadas: Experimento de cr\u00e1teres, creaci\u00f3n de meteoritos, maqueta de cintur\u00f3n de asteroides, Fanzine Artie, entre otras.<\/p>\n<\/div><\/div><div class='accordion_section active'><div class='accordion_title'><i class='accordion_icon'><\/i><span>La Leyenda de la Yacana<\/span><\/div><div class='accordion_content'>\n<p>Durante las noches oscuras del norte de Chile, puede verse a la Yacana caminando entre el mar de estrellas de la V\u00eda L\u00e1ctea. Cuenta la leyenda que, si tienes suerte, puedes verla descender a la Tierra, beber de los r\u00edos y lagos, y sentir su lana sobre tus hombros.<\/p>\n<p>&#8211; Tem\u00e1tica Astron\u00f3mica: Constelaciones.<br \/>&#8211; Vocabulario: Constelaci\u00f3n oscura, constelaci\u00f3n actual, cosmovisi\u00f3n Inca, planeta Tierra, estrellas, Luna, Sol, d\u00eda y noche.<br \/>&#8211; Actividades Asociadas: Creaci\u00f3n de Yacana Quitapenas, constelaciones comestibles, proyector de constelaciones, entre otras.<\/p>\n<\/div><\/div><div class='accordion_section active'><div class='accordion_title'><i class='accordion_icon'><\/i><span> Juri, la Tortuga Jur\u00e1sica<\/span><\/div><div class='accordion_content'>\n<p>Juri es la divulgadora cient\u00edfica m\u00e1s antigua del mundo animal. Nos llevar\u00e1 en una emocionante aventura por la \u00e9poca de los dinosaurios. A trav\u00e9s de sus relatos, aprenderemos por qu\u00e9 estas magn\u00edficas criaturas desaparecieron y por qu\u00e9 es tan importante estudiar los meteoritos que llegan a la Tierra.<\/p>\n<p><b>&#8211; <\/b>Tem\u00e1tica Astron\u00f3mica: Divulgaci\u00f3n Cient\u00edfica.<br \/>&#8211; Vocabulario: Planeta Tierra, asteroide, meteorito, divulgaci\u00f3n cient\u00edfica. <br \/>&#8211; Actividades Asociadas: Juego motor \u201cGravedad\u201d, experimento de cr\u00e1teres, creaci\u00f3n de meteoritos, entre otras.<\/p>\n<\/div><\/div><div class='accordion_section active'><div class='accordion_title'><i class='accordion_icon'><\/i><span>Nova y su peque\u00f1o amigo Lumi<\/span><\/div><div class='accordion_content'>\n<p>Lumi es un peque\u00f1o y curioso fot\u00f3n, una part\u00edcula de luz que ha viajado por el Universo desde el comienzo del tiempo. Su mayor sue\u00f1o es conocer a los seres humanos, pero al llegar a la Tierra se enfrenta a un gran desaf\u00edo: \u00bfc\u00f3mo atravesar la atm\u00f3sfera para encontrarse con ellos? Acompa\u00f1a a Lumi y Nova en esta luminosa aventura.<\/p>\n<p>&#8211; Tem\u00e1tica Astron\u00f3mica: Fotones, viaje de la Luz.<br \/>&#8211; Vocabulario: Big-Bang, estrella, supernova, fot\u00f3n, luz, velocidad de la luz, telescopio, observatorio, astr\u00f3noma.<br \/>&#8211; Actividades Asociadas: Experimento El viaje de la luz, juego con espejos, observaci\u00f3n con filtros, entre otra<\/p>\n<\/div><\/div><div class='accordion_section active'><div class='accordion_title'><i class='accordion_icon'><\/i><span>La L\u00ednea Negra<\/span><\/div><div class='accordion_content'>\n<p>Esta es una historia de hace muchos a\u00f1os atr\u00e1s, antes de que existieran los abuelos de tus abuelos, antes de que las mascotas y los dinosaurios, antes de todo. \u00bfPuedes imaginar qu\u00e9 hab\u00eda antes de todo?<\/p>\n<p>&#8211; Tem\u00e1tica Astron\u00f3mica: Historia del Universo.<br \/>&#8211; Vocabulario: Big-Bang, galaxia, estrella, planeta, Sol, Tierra, Luna, seres vivos, evoluci\u00f3n.<br \/>&#8211; Actividades Asociadas: Big-bang en tu puesto, creaci\u00f3n de cr\u00e1teres, estrellas efervescentes, entre otras<\/p>\n<\/div><\/div><\/div><\/div><\/div><\/div>\n","protected":false},"excerpt":{"rendered":"","protected":false},"author":3,"featured_media":0,"parent":0,"menu_order":0,"comment_status":"closed","ping_status":"closed","template":"","meta":[],"_links":{"self":[{"href":"https:\/\/fundacionpge.cl\/sitio\/wp-json\/wp\/v2\/pages\/5704"}],"collection":[{"href":"https:\/\/fundacionpge.cl\/sitio\/wp-json\/wp\/v2\/pages"}],"about":[{"href":"https:\/\/fundacionpge.cl\/sitio\/wp-json\/wp\/v2\/types\/page"}],"author":[{"embeddable":true,"href":"https:\/\/fundacionpge.cl\/sitio\/wp-json\/wp\/v2\/users\/3"}],"replies":[{"embeddable":true,"href":"https:\/\/fundacionpge.cl\/sitio\/wp-json\/wp\/v2\/comments?post=5704"}],"version-history":[{"count":21,"href":"https:\/\/fundacionpge.cl\/sitio\/wp-json\/wp\/v2\/pages\/5704\/revisions"}],"predecessor-version":[{"id":5809,"href":"https:\/\/fundacionpge.cl\/sitio\/wp-json\/wp\/v2\/pages\/5704\/revisions\/5809"}],"wp:attachment":[{"href":"https:\/\/fundacionpge.cl\/sitio\/wp-json\/wp\/v2\/media?parent=5704"}],"curies":[{"name":"wp","href":"https:\/\/api.w.org\/{rel}","templated":true}]}}